{"id":6854,"date":"2021-11-23T01:22:17","date_gmt":"2021-11-23T01:22:17","guid":{"rendered":"https:\/\/rancholacienega.com\/ecoturismo\/?page_id=6854"},"modified":"2024-11-04T16:04:18","modified_gmt":"2024-11-04T16:04:18","slug":"areas-comunes2","status":"publish","type":"page","link":"https:\/\/rancholacienega.com\/ecoturismo\/areas-comunes2\/","title":{"rendered":"\u00c1reas comunes"},"content":{"rendered":"\t\t<div data-elementor-type=\"wp-page\" data-elementor-id=\"6854\" class=\"elementor elementor-6854\">\n\t\t\t\t\t\t<section class=\"has_eae_slider elementor-section elementor-top-section elementor-element elementor-element-b694036 elementor-section-boxed elementor-section-height-default elementor-section-height-default\" data-eae-slider=\"44074\" data-id=\"b694036\" data-element_type=\"section\">\n\t\t\t\t\t\t<div class=\"elementor-container elementor-column-gap-default\">\n\t\t\t\t\t<div class=\"has_eae_slider elementor-column elementor-col-100 elementor-top-column elementor-element elementor-element-5b435c8\" data-eae-slider=\"5490\" data-id=\"5b435c8\" data-element_type=\"column\">\n\t\t\t<div class=\"elementor-widget-wrap elementor-element-populated\">\n\t\t\t\t\t\t<div class=\"elementor-element elementor-element-f65e86c elementor-widget elementor-widget-heading\" data-id=\"f65e86c\" data-element_type=\"widget\" data-widget_type=\"heading.default\">\n\t\t\t\t<div class=\"elementor-widget-container\">\n\t\t\t\t\t<h1 class=\"elementor-heading-title elementor-size-default\">\u00c1reas Comunes<\/h1>\t\t\t\t<\/div>\n\t\t\t\t<\/div>\n\t\t\t\t\t<\/div>\n\t\t<\/div>\n\t\t\t\t\t<\/div>\n\t\t<\/section>\n\t\t\t\t<section class=\"has_eae_slider elementor-section elementor-top-section elementor-element elementor-element-bf8d5bc elementor-section-boxed elementor-section-height-default elementor-section-height-default\" data-eae-slider=\"3238\" data-id=\"bf8d5bc\" data-element_type=\"section\">\n\t\t\t\t\t\t<div class=\"elementor-container elementor-column-gap-default\">\n\t\t\t\t\t<div class=\"has_eae_slider elementor-column elementor-col-100 elementor-top-column elementor-element elementor-element-2c7358e\" data-eae-slider=\"10368\" data-id=\"2c7358e\" data-element_type=\"column\">\n\t\t\t<div class=\"elementor-widget-wrap elementor-element-populated\">\n\t\t\t\t\t\t<div class=\"elementor-element elementor-element-84674c8 elementor-widget elementor-widget-image\" data-id=\"84674c8\" data-element_type=\"widget\" data-widget_type=\"image.default\">\n\t\t\t\t<div class=\"elementor-widget-container\">\n\t\t\t\t\t\t\t\t\t\t\t\t\t\t\t<img decoding=\"async\" width=\"200\" height=\"8\" src=\"https:\/\/rancholacienega.com\/ecoturismo\/wp-content\/uploads\/2021\/10\/divider.png\" class=\"attachment-medium_large size-medium_large wp-image-5747\" alt=\"\" \/>\t\t\t\t\t\t\t\t\t\t\t\t\t\t\t<\/div>\n\t\t\t\t<\/div>\n\t\t\t\t\t<\/div>\n\t\t<\/div>\n\t\t\t\t\t<\/div>\n\t\t<\/section>\n\t\t\t\t<section class=\"has_eae_slider elementor-section elementor-top-section elementor-element elementor-element-0c98559 elementor-section-boxed elementor-section-height-default elementor-section-height-default\" data-eae-slider=\"80776\" data-id=\"0c98559\" data-element_type=\"section\">\n\t\t\t\t\t\t<div class=\"elementor-container elementor-column-gap-default\">\n\t\t\t\t\t<div class=\"has_eae_slider elementor-column elementor-col-100 elementor-top-column elementor-element elementor-element-ab8d37b\" data-eae-slider=\"68671\" data-id=\"ab8d37b\" data-element_type=\"column\">\n\t\t\t<div class=\"elementor-widget-wrap elementor-element-populated\">\n\t\t\t\t\t\t<div class=\"elementor-element elementor-element-38426cd elementor-arrows-position-inside elementor-pagination-position-outside elementor-widget elementor-widget-image-carousel\" data-id=\"38426cd\" data-element_type=\"widget\" data-settings=\"{&quot;slides_to_show&quot;:&quot;3&quot;,&quot;navigation&quot;:&quot;both&quot;,&quot;autoplay&quot;:&quot;yes&quot;,&quot;pause_on_hover&quot;:&quot;yes&quot;,&quot;pause_on_interaction&quot;:&quot;yes&quot;,&quot;autoplay_speed&quot;:5000,&quot;infinite&quot;:&quot;yes&quot;,&quot;speed&quot;:500}\" data-widget_type=\"image-carousel.default\">\n\t\t\t\t<div class=\"elementor-widget-container\">\n\t\t\t\t\t\t\t<div class=\"elementor-image-carousel-wrapper swiper\" role=\"region\" aria-roledescription=\"carousel\" aria-label=\"Carrusel de Im\u00e1genes\" dir=\"ltr\">\n\t\t\t<div class=\"elementor-image-carousel swiper-wrapper\" aria-live=\"off\">\n\t\t\t\t\t\t\t\t<div class=\"swiper-slide\" role=\"group\" aria-roledescription=\"slide\" aria-label=\"1 de 12\"><figure class=\"swiper-slide-inner\"><img decoding=\"async\" class=\"swiper-slide-image\" src=\"https:\/\/rancholacienega.com\/ecoturismo\/wp-content\/uploads\/2021\/09\/IMG_3508-300x200.jpg\" alt=\"El rancho\" \/><\/figure><\/div><div class=\"swiper-slide\" role=\"group\" aria-roledescription=\"slide\" aria-label=\"2 de 12\"><figure class=\"swiper-slide-inner\"><img decoding=\"async\" class=\"swiper-slide-image\" src=\"https:\/\/rancholacienega.com\/ecoturismo\/wp-content\/uploads\/2021\/09\/CABANA_FRENTE-300x200.jpg\" alt=\"El rancho\" \/><\/figure><\/div><div class=\"swiper-slide\" role=\"group\" aria-roledescription=\"slide\" aria-label=\"3 de 12\"><figure class=\"swiper-slide-inner\"><img decoding=\"async\" class=\"swiper-slide-image\" src=\"https:\/\/rancholacienega.com\/ecoturismo\/wp-content\/uploads\/2021\/09\/IMG_5168-300x200.jpg\" alt=\"Fogata\" \/><\/figure><\/div><div class=\"swiper-slide\" role=\"group\" aria-roledescription=\"slide\" aria-label=\"4 de 12\"><figure class=\"swiper-slide-inner\"><img decoding=\"async\" class=\"swiper-slide-image\" src=\"https:\/\/rancholacienega.com\/ecoturismo\/wp-content\/uploads\/2021\/09\/IMG_3800_FOGATERO-300x200.jpg\" alt=\"IMG_3800_FOGATERO\" \/><\/figure><\/div><div class=\"swiper-slide\" role=\"group\" aria-roledescription=\"slide\" aria-label=\"5 de 12\"><figure class=\"swiper-slide-inner\"><img decoding=\"async\" class=\"swiper-slide-image\" src=\"https:\/\/rancholacienega.com\/ecoturismo\/wp-content\/uploads\/2021\/09\/IMG_0626-300x200.jpg\" alt=\"Fogata\" \/><\/figure><\/div><div class=\"swiper-slide\" role=\"group\" aria-roledescription=\"slide\" aria-label=\"6 de 12\"><figure class=\"swiper-slide-inner\"><img decoding=\"async\" class=\"swiper-slide-image\" src=\"https:\/\/rancholacienega.com\/ecoturismo\/wp-content\/uploads\/2021\/09\/IMG_0497-300x200.jpg\" alt=\"Fogata\" \/><\/figure><\/div><div class=\"swiper-slide\" role=\"group\" aria-roledescription=\"slide\" aria-label=\"7 de 12\"><figure class=\"swiper-slide-inner\"><img decoding=\"async\" class=\"swiper-slide-image\" src=\"https:\/\/rancholacienega.com\/ecoturismo\/wp-content\/uploads\/2021\/09\/IMG_0496-300x200.jpg\" alt=\"@LIC. CARLOS GUERRERO PEREZ\" \/><\/figure><\/div><div class=\"swiper-slide\" role=\"group\" aria-roledescription=\"slide\" aria-label=\"8 de 12\"><figure class=\"swiper-slide-inner\"><img decoding=\"async\" class=\"swiper-slide-image\" src=\"https:\/\/rancholacienega.com\/ecoturismo\/wp-content\/uploads\/2021\/09\/IMG_0503-300x200.jpg\" alt=\"Entrada\" \/><\/figure><\/div><div class=\"swiper-slide\" role=\"group\" aria-roledescription=\"slide\" aria-label=\"9 de 12\"><figure class=\"swiper-slide-inner\"><img decoding=\"async\" class=\"swiper-slide-image\" src=\"https:\/\/rancholacienega.com\/ecoturismo\/wp-content\/uploads\/2021\/09\/IMG_1960-300x200.jpg\" alt=\"entrada\" \/><\/figure><\/div><div class=\"swiper-slide\" role=\"group\" aria-roledescription=\"slide\" aria-label=\"10 de 12\"><figure class=\"swiper-slide-inner\"><img decoding=\"async\" class=\"swiper-slide-image\" src=\"https:\/\/rancholacienega.com\/ecoturismo\/wp-content\/uploads\/2021\/09\/IMG_8721-300x200.jpg\" alt=\"IMG_8721\" \/><\/figure><\/div><div class=\"swiper-slide\" role=\"group\" aria-roledescription=\"slide\" aria-label=\"11 de 12\"><figure class=\"swiper-slide-inner\"><img decoding=\"async\" class=\"swiper-slide-image\" src=\"https:\/\/rancholacienega.com\/ecoturismo\/wp-content\/uploads\/2021\/09\/IMG_8720-300x200.jpg\" alt=\"IMG_8720\" \/><\/figure><\/div><div class=\"swiper-slide\" role=\"group\" aria-roledescription=\"slide\" aria-label=\"12 de 12\"><figure class=\"swiper-slide-inner\"><img decoding=\"async\" class=\"swiper-slide-image\" src=\"https:\/\/rancholacienega.com\/ecoturismo\/wp-content\/uploads\/2021\/09\/IMG_8719_FISH-EYE-300x200.jpg\" alt=\"IMG_8719_FISH EYE\" \/><\/figure><\/div>\t\t\t<\/div>\n\t\t\t\t\t\t\t\t\t\t\t\t<div class=\"elementor-swiper-button elementor-swiper-button-prev\" role=\"button\" tabindex=\"0\">\n\t\t\t\t\t\t<i aria-hidden=\"true\" class=\"eicon-chevron-left\"><\/i>\t\t\t\t\t<\/div>\n\t\t\t\t\t<div class=\"elementor-swiper-button elementor-swiper-button-next\" role=\"button\" tabindex=\"0\">\n\t\t\t\t\t\t<i aria-hidden=\"true\" class=\"eicon-chevron-right\"><\/i>\t\t\t\t\t<\/div>\n\t\t\t\t\n\t\t\t\t\t\t\t\t\t<div class=\"swiper-pagination\"><\/div>\n\t\t\t\t\t\t\t\t\t<\/div>\n\t\t\t\t\t\t<\/div>\n\t\t\t\t<\/div>\n\t\t\t\t\t<\/div>\n\t\t<\/div>\n\t\t\t\t\t<\/div>\n\t\t<\/section>\n\t\t\t\t<section class=\"has_eae_slider elementor-section elementor-top-section elementor-element elementor-element-051d178 elementor-section-boxed elementor-section-height-default elementor-section-height-default\" data-eae-slider=\"21860\" data-id=\"051d178\" data-element_type=\"section\">\n\t\t\t\t\t\t<div class=\"elementor-container elementor-column-gap-default\">\n\t\t\t\t\t<div class=\"has_eae_slider elementor-column elementor-col-100 elementor-top-column elementor-element elementor-element-10b5e37\" data-eae-slider=\"3734\" data-id=\"10b5e37\" data-element_type=\"column\">\n\t\t\t<div class=\"elementor-widget-wrap elementor-element-populated\">\n\t\t\t\t\t\t<div class=\"elementor-element elementor-element-3de5588 elementor-widget elementor-widget-image\" data-id=\"3de5588\" data-element_type=\"widget\" data-widget_type=\"image.default\">\n\t\t\t\t<div class=\"elementor-widget-container\">\n\t\t\t\t\t\t\t\t\t\t\t\t<figure class=\"wp-caption\">\n\t\t\t\t\t\t\t\t\t\t<img fetchpriority=\"high\" decoding=\"async\" width=\"600\" height=\"450\" src=\"https:\/\/rancholacienega.com\/ecoturismo\/wp-content\/uploads\/2021\/09\/LC12nov2.jpg\" class=\"attachment-large size-large wp-image-5225\" alt=\"\" srcset=\"https:\/\/rancholacienega.com\/ecoturismo\/wp-content\/uploads\/2021\/09\/LC12nov2.jpg 600w, https:\/\/rancholacienega.com\/ecoturismo\/wp-content\/uploads\/2021\/09\/LC12nov2-300x225.jpg 300w\" sizes=\"(max-width: 600px) 100vw, 600px\" \/>\t\t\t\t\t\t\t\t\t\t\t<figcaption class=\"widget-image-caption wp-caption-text\">Una reuni\u00f3n de astronom\u00eda.<\/figcaption>\n\t\t\t\t\t\t\t\t\t\t<\/figure>\n\t\t\t\t\t\t\t\t\t<\/div>\n\t\t\t\t<\/div>\n\t\t\t\t\t<\/div>\n\t\t<\/div>\n\t\t\t\t\t<\/div>\n\t\t<\/section>\n\t\t\t\t<section class=\"has_eae_slider elementor-section elementor-top-section elementor-element elementor-element-ad6eadb elementor-section-boxed elementor-section-height-default elementor-section-height-default\" data-eae-slider=\"54562\" data-id=\"ad6eadb\" data-element_type=\"section\">\n\t\t\t\t\t\t<div class=\"elementor-container elementor-column-gap-default\">\n\t\t\t\t\t<div class=\"has_eae_slider elementor-column elementor-col-100 elementor-top-column elementor-element elementor-element-a255520\" data-eae-slider=\"21540\" data-id=\"a255520\" data-element_type=\"column\">\n\t\t\t<div class=\"elementor-widget-wrap elementor-element-populated\">\n\t\t\t\t\t\t<div class=\"elementor-element elementor-element-5cfde94 elementor-widget elementor-widget-image\" data-id=\"5cfde94\" data-element_type=\"widget\" data-widget_type=\"image.default\">\n\t\t\t\t<div class=\"elementor-widget-container\">\n\t\t\t\t\t\t\t\t\t\t\t\t<figure class=\"wp-caption\">\n\t\t\t\t\t\t\t\t\t\t<img decoding=\"async\" width=\"800\" height=\"534\" src=\"https:\/\/rancholacienega.com\/ecoturismo\/wp-content\/uploads\/2024\/08\/IMG_4743_PAJARO-AZUL.jpg\" class=\"attachment-large size-large wp-image-10939\" alt=\"\" srcset=\"https:\/\/rancholacienega.com\/ecoturismo\/wp-content\/uploads\/2024\/08\/IMG_4743_PAJARO-AZUL.jpg 800w, https:\/\/rancholacienega.com\/ecoturismo\/wp-content\/uploads\/2024\/08\/IMG_4743_PAJARO-AZUL-300x200.jpg 300w, https:\/\/rancholacienega.com\/ecoturismo\/wp-content\/uploads\/2024\/08\/IMG_4743_PAJARO-AZUL-768x513.jpg 768w\" sizes=\"(max-width: 800px) 100vw, 800px\" \/>\t\t\t\t\t\t\t\t\t\t\t<figcaption class=\"widget-image-caption wp-caption-text\">Un reto: capturar al P\u00e1jaro AZUL con el alimento para el Guajolote en el pico   !!!!<\/figcaption>\n\t\t\t\t\t\t\t\t\t\t<\/figure>\n\t\t\t\t\t\t\t\t\t<\/div>\n\t\t\t\t<\/div>\n\t\t\t\t\t<\/div>\n\t\t<\/div>\n\t\t\t\t\t<\/div>\n\t\t<\/section>\n\t\t\t\t<section class=\"has_eae_slider elementor-section elementor-top-section elementor-element elementor-element-d29f7a5 elementor-section-boxed elementor-section-height-default elementor-section-height-default\" data-eae-slider=\"18781\" data-id=\"d29f7a5\" data-element_type=\"section\">\n\t\t\t\t\t\t<div class=\"elementor-container elementor-column-gap-default\">\n\t\t\t\t\t<div class=\"has_eae_slider elementor-column elementor-col-100 elementor-top-column elementor-element elementor-element-3fa9cf1\" data-eae-slider=\"32464\" data-id=\"3fa9cf1\" data-element_type=\"column\">\n\t\t\t<div class=\"elementor-widget-wrap elementor-element-populated\">\n\t\t\t\t\t\t<div class=\"elementor-element elementor-element-b772cf7 elementor-widget elementor-widget-text-editor\" data-id=\"b772cf7\" data-element_type=\"widget\" data-widget_type=\"text-editor.default\">\n\t\t\t\t<div class=\"elementor-widget-container\">\n\t\t\t\t\t\t\t\t\t<h3 style=\"text-align: center;\"><strong>Nuestras \u00e1reas comunes incluyen los paisajes y momentos que resultan inolvidables dentro de este Rancho, pru\u00e9banos !!!\u00a0<\/strong><\/h3>\t\t\t\t\t\t\t\t<\/div>\n\t\t\t\t<\/div>\n\t\t\t\t\t<\/div>\n\t\t<\/div>\n\t\t\t\t\t<\/div>\n\t\t<\/section>\n\t\t\t\t<section class=\"has_eae_slider elementor-section elementor-top-section elementor-element elementor-element-c15a894 elementor-section-boxed elementor-section-height-default elementor-section-height-default\" data-eae-slider=\"72289\" data-id=\"c15a894\" data-element_type=\"section\">\n\t\t\t\t\t\t<div class=\"elementor-container elementor-column-gap-default\">\n\t\t\t\t\t<div class=\"has_eae_slider elementor-column elementor-col-100 elementor-top-column elementor-element elementor-element-5a8f325\" data-eae-slider=\"30390\" data-id=\"5a8f325\" data-element_type=\"column\">\n\t\t\t<div class=\"elementor-widget-wrap elementor-element-populated\">\n\t\t\t\t\t\t<div class=\"elementor-element elementor-element-376d0b3 elementor-widget elementor-widget-image\" data-id=\"376d0b3\" data-element_type=\"widget\" data-widget_type=\"image.default\">\n\t\t\t\t<div class=\"elementor-widget-container\">\n\t\t\t\t\t\t\t\t\t\t\t\t<figure class=\"wp-caption\">\n\t\t\t\t\t\t\t\t\t\t<img loading=\"lazy\" decoding=\"async\" width=\"812\" height=\"609\" src=\"https:\/\/rancholacienega.com\/ecoturismo\/wp-content\/uploads\/2021\/09\/PHOTO-2019-11-03-18-55-45-1-1024x768.jpg\" class=\"attachment-large size-large wp-image-5050\" alt=\"\" srcset=\"https:\/\/rancholacienega.com\/ecoturismo\/wp-content\/uploads\/2021\/09\/PHOTO-2019-11-03-18-55-45-1-1024x768.jpg 1024w, https:\/\/rancholacienega.com\/ecoturismo\/wp-content\/uploads\/2021\/09\/PHOTO-2019-11-03-18-55-45-1-300x225.jpg 300w, https:\/\/rancholacienega.com\/ecoturismo\/wp-content\/uploads\/2021\/09\/PHOTO-2019-11-03-18-55-45-1-768x576.jpg 768w, https:\/\/rancholacienega.com\/ecoturismo\/wp-content\/uploads\/2021\/09\/PHOTO-2019-11-03-18-55-45-1.jpg 1280w\" sizes=\"(max-width: 812px) 100vw, 812px\" \/>\t\t\t\t\t\t\t\t\t\t\t<figcaption class=\"widget-image-caption wp-caption-text\">Momentos como estos, simplemente inolvidables !!!!<\/figcaption>\n\t\t\t\t\t\t\t\t\t\t<\/figure>\n\t\t\t\t\t\t\t\t\t<\/div>\n\t\t\t\t<\/div>\n\t\t\t\t\t<\/div>\n\t\t<\/div>\n\t\t\t\t\t<\/div>\n\t\t<\/section>\n\t\t\t\t<section class=\"has_eae_slider elementor-section elementor-top-section elementor-element elementor-element-06b0e7f elementor-section-boxed elementor-section-height-default elementor-section-height-default\" data-eae-slider=\"25676\" data-id=\"06b0e7f\" data-element_type=\"section\">\n\t\t\t\t\t\t<div class=\"elementor-container elementor-column-gap-default\">\n\t\t\t\t\t<div class=\"has_eae_slider elementor-column elementor-col-100 elementor-top-column elementor-element elementor-element-bf0c726\" data-eae-slider=\"638\" data-id=\"bf0c726\" data-element_type=\"column\">\n\t\t\t<div class=\"elementor-widget-wrap elementor-element-populated\">\n\t\t\t\t\t\t<div class=\"elementor-element elementor-element-563b5d4 elementor-widget elementor-widget-image\" data-id=\"563b5d4\" data-element_type=\"widget\" data-widget_type=\"image.default\">\n\t\t\t\t<div class=\"elementor-widget-container\">\n\t\t\t\t\t\t\t\t\t\t\t\t<figure class=\"wp-caption\">\n\t\t\t\t\t\t\t\t\t\t<img loading=\"lazy\" decoding=\"async\" width=\"812\" height=\"542\" src=\"https:\/\/rancholacienega.com\/ecoturismo\/wp-content\/uploads\/2021\/09\/IMG_1191_VAQUERILLA-1024x683.jpg\" class=\"attachment-large size-large wp-image-5248\" alt=\"\" srcset=\"https:\/\/rancholacienega.com\/ecoturismo\/wp-content\/uploads\/2021\/09\/IMG_1191_VAQUERILLA-1024x683.jpg 1024w, https:\/\/rancholacienega.com\/ecoturismo\/wp-content\/uploads\/2021\/09\/IMG_1191_VAQUERILLA-300x200.jpg 300w, https:\/\/rancholacienega.com\/ecoturismo\/wp-content\/uploads\/2021\/09\/IMG_1191_VAQUERILLA-768x512.jpg 768w, https:\/\/rancholacienega.com\/ecoturismo\/wp-content\/uploads\/2021\/09\/IMG_1191_VAQUERILLA-1536x1024.jpg 1536w, https:\/\/rancholacienega.com\/ecoturismo\/wp-content\/uploads\/2021\/09\/IMG_1191_VAQUERILLA-2048x1365.jpg 2048w\" sizes=\"(max-width: 812px) 100vw, 812px\" \/>\t\t\t\t\t\t\t\t\t\t\t<figcaption class=\"widget-image-caption wp-caption-text\">La VAQUERILLA,  planta end\u00e9mica de Sierra Fr\u00eda, en ning\u00fan otro ecosistema del mundo se encuentra !!!!<\/figcaption>\n\t\t\t\t\t\t\t\t\t\t<\/figure>\n\t\t\t\t\t\t\t\t\t<\/div>\n\t\t\t\t<\/div>\n\t\t\t\t\t<\/div>\n\t\t<\/div>\n\t\t\t\t\t<\/div>\n\t\t<\/section>\n\t\t\t\t<section class=\"has_eae_slider elementor-section elementor-top-section elementor-element elementor-element-c7c5c80 elementor-section-boxed elementor-section-height-default elementor-section-height-default\" data-eae-slider=\"15219\" data-id=\"c7c5c80\" data-element_type=\"section\">\n\t\t\t\t\t\t<div class=\"elementor-container elementor-column-gap-default\">\n\t\t\t\t\t<div class=\"has_eae_slider elementor-column elementor-col-100 elementor-top-column elementor-element elementor-element-3d10e0e\" data-eae-slider=\"12072\" data-id=\"3d10e0e\" data-element_type=\"column\">\n\t\t\t<div class=\"elementor-widget-wrap elementor-element-populated\">\n\t\t\t\t\t\t<div class=\"elementor-element elementor-element-56e7fbc elementor-widget elementor-widget-image\" data-id=\"56e7fbc\" data-element_type=\"widget\" data-widget_type=\"image.default\">\n\t\t\t\t<div class=\"elementor-widget-container\">\n\t\t\t\t\t\t\t\t\t\t\t\t<figure class=\"wp-caption\">\n\t\t\t\t\t\t\t\t\t\t<img loading=\"lazy\" decoding=\"async\" width=\"812\" height=\"542\" src=\"https:\/\/rancholacienega.com\/ecoturismo\/wp-content\/uploads\/2021\/09\/IMG_7093-1024x683.jpg\" class=\"attachment-large size-large wp-image-5344\" alt=\"\" srcset=\"https:\/\/rancholacienega.com\/ecoturismo\/wp-content\/uploads\/2021\/09\/IMG_7093-1024x683.jpg 1024w, https:\/\/rancholacienega.com\/ecoturismo\/wp-content\/uploads\/2021\/09\/IMG_7093-300x200.jpg 300w, https:\/\/rancholacienega.com\/ecoturismo\/wp-content\/uploads\/2021\/09\/IMG_7093-768x512.jpg 768w, https:\/\/rancholacienega.com\/ecoturismo\/wp-content\/uploads\/2021\/09\/IMG_7093-1536x1024.jpg 1536w, https:\/\/rancholacienega.com\/ecoturismo\/wp-content\/uploads\/2021\/09\/IMG_7093-2048x1365.jpg 2048w\" sizes=\"(max-width: 812px) 100vw, 812px\" \/>\t\t\t\t\t\t\t\t\t\t\t<figcaption class=\"widget-image-caption wp-caption-text\">Los bosques mixtos de encino-pino son comunes en esta zona !!!1<\/figcaption>\n\t\t\t\t\t\t\t\t\t\t<\/figure>\n\t\t\t\t\t\t\t\t\t<\/div>\n\t\t\t\t<\/div>\n\t\t\t\t\t<\/div>\n\t\t<\/div>\n\t\t\t\t\t<\/div>\n\t\t<\/section>\n\t\t\t\t<section class=\"has_eae_slider elementor-section elementor-top-section elementor-element elementor-element-4f03a95 elementor-section-boxed elementor-section-height-default elementor-section-height-default\" data-eae-slider=\"26579\" data-id=\"4f03a95\" data-element_type=\"section\">\n\t\t\t\t\t\t<div class=\"elementor-container elementor-column-gap-default\">\n\t\t\t\t\t<div class=\"has_eae_slider elementor-column elementor-col-100 elementor-top-column elementor-element elementor-element-f5d1f81\" data-eae-slider=\"92243\" data-id=\"f5d1f81\" data-element_type=\"column\">\n\t\t\t<div class=\"elementor-widget-wrap elementor-element-populated\">\n\t\t\t\t\t\t<div class=\"elementor-element elementor-element-ff5e00a elementor-widget elementor-widget-image\" data-id=\"ff5e00a\" data-element_type=\"widget\" data-widget_type=\"image.default\">\n\t\t\t\t<div class=\"elementor-widget-container\">\n\t\t\t\t\t\t\t\t\t\t\t\t<figure class=\"wp-caption\">\n\t\t\t\t\t\t\t\t\t\t<img loading=\"lazy\" decoding=\"async\" width=\"812\" height=\"542\" src=\"https:\/\/rancholacienega.com\/ecoturismo\/wp-content\/uploads\/2021\/09\/IMG_9876-1024x683.jpg\" class=\"attachment-large size-large wp-image-5173\" alt=\"\" srcset=\"https:\/\/rancholacienega.com\/ecoturismo\/wp-content\/uploads\/2021\/09\/IMG_9876-1024x683.jpg 1024w, https:\/\/rancholacienega.com\/ecoturismo\/wp-content\/uploads\/2021\/09\/IMG_9876-300x200.jpg 300w, https:\/\/rancholacienega.com\/ecoturismo\/wp-content\/uploads\/2021\/09\/IMG_9876-768x512.jpg 768w, https:\/\/rancholacienega.com\/ecoturismo\/wp-content\/uploads\/2021\/09\/IMG_9876-1536x1024.jpg 1536w, https:\/\/rancholacienega.com\/ecoturismo\/wp-content\/uploads\/2021\/09\/IMG_9876-2048x1365.jpg 2048w\" sizes=\"(max-width: 812px) 100vw, 812px\" \/>\t\t\t\t\t\t\t\t\t\t\t<figcaption class=\"widget-image-caption wp-caption-text\">Nuestro gran esfuerzo, establecer al Pino Pi\u00f1onero en este Rancho, contamos ya con m\u00e1s de 20,000 plantados.<\/figcaption>\n\t\t\t\t\t\t\t\t\t\t<\/figure>\n\t\t\t\t\t\t\t\t\t<\/div>\n\t\t\t\t<\/div>\n\t\t\t\t\t<\/div>\n\t\t<\/div>\n\t\t\t\t\t<\/div>\n\t\t<\/section>\n\t\t\t\t<section class=\"has_eae_slider elementor-section elementor-top-section elementor-element elementor-element-83534dc elementor-section-boxed elementor-section-height-default elementor-section-height-default\" data-eae-slider=\"44919\" data-id=\"83534dc\" data-element_type=\"section\">\n\t\t\t\t\t\t<div class=\"elementor-container elementor-column-gap-default\">\n\t\t\t\t\t<div class=\"has_eae_slider elementor-column elementor-col-100 elementor-top-column elementor-element elementor-element-6ba2a4a\" data-eae-slider=\"59977\" data-id=\"6ba2a4a\" data-element_type=\"column\">\n\t\t\t<div class=\"elementor-widget-wrap elementor-element-populated\">\n\t\t\t\t\t\t<div class=\"elementor-element elementor-element-b47b322 elementor-widget elementor-widget-image\" data-id=\"b47b322\" data-element_type=\"widget\" data-widget_type=\"image.default\">\n\t\t\t\t<div class=\"elementor-widget-container\">\n\t\t\t\t\t\t\t\t\t\t\t\t<figure class=\"wp-caption\">\n\t\t\t\t\t\t\t\t\t\t<img loading=\"lazy\" decoding=\"async\" width=\"812\" height=\"542\" src=\"https:\/\/rancholacienega.com\/ecoturismo\/wp-content\/uploads\/2020\/10\/IMG_1618-1024x683.jpg\" class=\"attachment-large size-large wp-image-3582\" alt=\"\" srcset=\"https:\/\/rancholacienega.com\/ecoturismo\/wp-content\/uploads\/2020\/10\/IMG_1618-1024x683.jpg 1024w, https:\/\/rancholacienega.com\/ecoturismo\/wp-content\/uploads\/2020\/10\/IMG_1618-300x200.jpg 300w, https:\/\/rancholacienega.com\/ecoturismo\/wp-content\/uploads\/2020\/10\/IMG_1618-768x512.jpg 768w, https:\/\/rancholacienega.com\/ecoturismo\/wp-content\/uploads\/2020\/10\/IMG_1618-1536x1024.jpg 1536w, https:\/\/rancholacienega.com\/ecoturismo\/wp-content\/uploads\/2020\/10\/IMG_1618-2048x1365.jpg 2048w\" sizes=\"(max-width: 812px) 100vw, 812px\" \/>\t\t\t\t\t\t\t\t\t\t\t<figcaption class=\"widget-image-caption wp-caption-text\">Y ,,,, este es el resultado 20 a\u00f1os despu\u00e9s !!!!<\/figcaption>\n\t\t\t\t\t\t\t\t\t\t<\/figure>\n\t\t\t\t\t\t\t\t\t<\/div>\n\t\t\t\t<\/div>\n\t\t\t\t\t<\/div>\n\t\t<\/div>\n\t\t\t\t\t<\/div>\n\t\t<\/section>\n\t\t\t\t<\/div>\n\t\t","protected":false},"excerpt":{"rendered":"<p>\u00c1reas Comunes Una reuni\u00f3n de astronom\u00eda. Un reto: capturar al P\u00e1jaro AZUL con el alimento para el Guajolote en el pico !!!! Nuestras \u00e1reas comunes incluyen los paisajes y momentos que resultan inolvidables dentro de este Rancho, pru\u00e9banos !!!\u00a0 Momentos como estos, simplemente inolvidables !!!! La VAQUERILLA, planta end\u00e9mica de Sierra Fr\u00eda, en ning\u00fan otro [&hellip;]<\/p>\n","protected":false},"author":8,"featured_media":0,"parent":0,"menu_order":0,"comment_status":"closed","ping_status":"closed","template":"elementor_theme","meta":{"footnotes":""},"_links":{"self":[{"href":"https:\/\/rancholacienega.com\/ecoturismo\/wp-json\/wp\/v2\/pages\/6854"}],"collection":[{"href":"https:\/\/rancholacienega.com\/ecoturismo\/wp-json\/wp\/v2\/pages"}],"about":[{"href":"https:\/\/rancholacienega.com\/ecoturismo\/wp-json\/wp\/v2\/types\/page"}],"author":[{"embeddable":true,"href":"https:\/\/rancholacienega.com\/ecoturismo\/wp-json\/wp\/v2\/users\/8"}],"replies":[{"embeddable":true,"href":"https:\/\/rancholacienega.com\/ecoturismo\/wp-json\/wp\/v2\/comments?post=6854"}],"version-history":[{"count":35,"href":"https:\/\/rancholacienega.com\/ecoturismo\/wp-json\/wp\/v2\/pages\/6854\/revisions"}],"predecessor-version":[{"id":11419,"href":"https:\/\/rancholacienega.com\/ecoturismo\/wp-json\/wp\/v2\/pages\/6854\/revisions\/11419"}],"wp:attachment":[{"href":"https:\/\/rancholacienega.com\/ecoturismo\/wp-json\/wp\/v2\/media?parent=6854"}],"curies":[{"name":"wp","href":"https:\/\/api.w.org\/{rel}","templated":true}]}}