{"id":6845,"date":"2021-11-23T01:16:15","date_gmt":"2021-11-23T01:16:15","guid":{"rendered":"https:\/\/rancholacienega.com\/ecoturismo\/?page_id=6845"},"modified":"2024-08-30T14:34:30","modified_gmt":"2024-08-30T14:34:30","slug":"cabana-exteriores2","status":"publish","type":"page","link":"https:\/\/rancholacienega.com\/ecoturismo\/cabana-exteriores2\/","title":{"rendered":"Caba\u00f1a Exteriores"},"content":{"rendered":"\t\t<div data-elementor-type=\"wp-page\" data-elementor-id=\"6845\" class=\"elementor elementor-6845\">\n\t\t\t\t\t\t<section class=\"has_eae_slider elementor-section elementor-top-section elementor-element elementor-element-b694036 elementor-section-boxed elementor-section-height-default elementor-section-height-default\" data-eae-slider=\"23057\" data-id=\"b694036\" data-element_type=\"section\">\n\t\t\t\t\t\t<div class=\"elementor-container elementor-column-gap-default\">\n\t\t\t\t\t<div class=\"has_eae_slider elementor-column elementor-col-100 elementor-top-column elementor-element elementor-element-5b435c8\" data-eae-slider=\"83584\" data-id=\"5b435c8\" data-element_type=\"column\">\n\t\t\t<div class=\"elementor-widget-wrap elementor-element-populated\">\n\t\t\t\t\t\t<div class=\"elementor-element elementor-element-f65e86c elementor-widget elementor-widget-heading\" data-id=\"f65e86c\" data-element_type=\"widget\" data-widget_type=\"heading.default\">\n\t\t\t\t<div class=\"elementor-widget-container\">\n\t\t\t\t\t<h1 class=\"elementor-heading-title elementor-size-default\">Caba\u00f1a Exteriores<\/h1>\t\t\t\t<\/div>\n\t\t\t\t<\/div>\n\t\t\t\t\t<\/div>\n\t\t<\/div>\n\t\t\t\t\t<\/div>\n\t\t<\/section>\n\t\t\t\t<section class=\"has_eae_slider elementor-section elementor-top-section elementor-element elementor-element-bf8d5bc elementor-section-boxed elementor-section-height-default elementor-section-height-default\" data-eae-slider=\"28512\" data-id=\"bf8d5bc\" data-element_type=\"section\">\n\t\t\t\t\t\t<div class=\"elementor-container elementor-column-gap-default\">\n\t\t\t\t\t<div class=\"has_eae_slider elementor-column elementor-col-100 elementor-top-column elementor-element elementor-element-2c7358e\" data-eae-slider=\"84394\" data-id=\"2c7358e\" data-element_type=\"column\">\n\t\t\t<div class=\"elementor-widget-wrap elementor-element-populated\">\n\t\t\t\t\t\t<div class=\"elementor-element elementor-element-84674c8 elementor-widget elementor-widget-image\" data-id=\"84674c8\" data-element_type=\"widget\" data-widget_type=\"image.default\">\n\t\t\t\t<div class=\"elementor-widget-container\">\n\t\t\t\t\t\t\t\t\t\t\t\t\t\t\t<img decoding=\"async\" width=\"200\" height=\"8\" src=\"https:\/\/rancholacienega.com\/ecoturismo\/wp-content\/uploads\/2021\/10\/divider.png\" class=\"attachment-medium_large size-medium_large wp-image-5747\" alt=\"\" \/>\t\t\t\t\t\t\t\t\t\t\t\t\t\t\t<\/div>\n\t\t\t\t<\/div>\n\t\t\t\t\t<\/div>\n\t\t<\/div>\n\t\t\t\t\t<\/div>\n\t\t<\/section>\n\t\t\t\t<section class=\"has_eae_slider elementor-section elementor-top-section elementor-element elementor-element-cde90a2 elementor-section-boxed elementor-section-height-default elementor-section-height-default\" data-eae-slider=\"83811\" data-id=\"cde90a2\" data-element_type=\"section\">\n\t\t\t\t\t\t<div class=\"elementor-container elementor-column-gap-default\">\n\t\t\t\t\t<div class=\"has_eae_slider elementor-column elementor-col-100 elementor-top-column elementor-element elementor-element-6d8b744\" data-eae-slider=\"80131\" data-id=\"6d8b744\" data-element_type=\"column\">\n\t\t\t<div class=\"elementor-widget-wrap elementor-element-populated\">\n\t\t\t\t\t\t<div class=\"elementor-element elementor-element-c2ddbb5 elementor-arrows-position-inside elementor-pagination-position-outside elementor-widget elementor-widget-image-carousel\" data-id=\"c2ddbb5\" data-element_type=\"widget\" data-settings=\"{&quot;slides_to_show&quot;:&quot;3&quot;,&quot;navigation&quot;:&quot;both&quot;,&quot;autoplay&quot;:&quot;yes&quot;,&quot;pause_on_hover&quot;:&quot;yes&quot;,&quot;pause_on_interaction&quot;:&quot;yes&quot;,&quot;autoplay_speed&quot;:5000,&quot;infinite&quot;:&quot;yes&quot;,&quot;speed&quot;:500}\" data-widget_type=\"image-carousel.default\">\n\t\t\t\t<div class=\"elementor-widget-container\">\n\t\t\t\t\t\t\t<div class=\"elementor-image-carousel-wrapper swiper\" role=\"region\" aria-roledescription=\"carousel\" aria-label=\"Carrusel de Im\u00e1genes\" dir=\"ltr\">\n\t\t\t<div class=\"elementor-image-carousel swiper-wrapper\" aria-live=\"off\">\n\t\t\t\t\t\t\t\t<div class=\"swiper-slide\" role=\"group\" aria-roledescription=\"slide\" aria-label=\"1 de 10\"><figure class=\"swiper-slide-inner\"><img decoding=\"async\" class=\"swiper-slide-image\" src=\"https:\/\/rancholacienega.com\/ecoturismo\/wp-content\/uploads\/2021\/09\/IMG_0503-300x200.jpg\" alt=\"Entrada\" \/><\/figure><\/div><div class=\"swiper-slide\" role=\"group\" aria-roledescription=\"slide\" aria-label=\"2 de 10\"><figure class=\"swiper-slide-inner\"><img decoding=\"async\" class=\"swiper-slide-image\" src=\"https:\/\/rancholacienega.com\/ecoturismo\/wp-content\/uploads\/2021\/09\/DSC_1763-300x195.jpg\" alt=\"Entrada\" \/><\/figure><\/div><div class=\"swiper-slide\" role=\"group\" aria-roledescription=\"slide\" aria-label=\"3 de 10\"><figure class=\"swiper-slide-inner\"><img decoding=\"async\" class=\"swiper-slide-image\" src=\"https:\/\/rancholacienega.com\/ecoturismo\/wp-content\/uploads\/2021\/09\/DSC_1823-300x195.jpg\" alt=\"Entrada\" \/><\/figure><\/div><div class=\"swiper-slide\" role=\"group\" aria-roledescription=\"slide\" aria-label=\"4 de 10\"><figure class=\"swiper-slide-inner\"><img decoding=\"async\" class=\"swiper-slide-image\" src=\"https:\/\/rancholacienega.com\/ecoturismo\/wp-content\/uploads\/2021\/09\/DSC_1825-300x195.jpg\" alt=\"entrada\" \/><\/figure><\/div><div class=\"swiper-slide\" role=\"group\" aria-roledescription=\"slide\" aria-label=\"5 de 10\"><figure class=\"swiper-slide-inner\"><img decoding=\"async\" class=\"swiper-slide-image\" src=\"https:\/\/rancholacienega.com\/ecoturismo\/wp-content\/uploads\/2021\/09\/DSC_1830-300x195.jpg\" alt=\"Entrada\" \/><\/figure><\/div><div class=\"swiper-slide\" role=\"group\" aria-roledescription=\"slide\" aria-label=\"6 de 10\"><figure class=\"swiper-slide-inner\"><img decoding=\"async\" class=\"swiper-slide-image\" src=\"https:\/\/rancholacienega.com\/ecoturismo\/wp-content\/uploads\/2021\/09\/DSC_1837-300x195.jpg\" alt=\"Entrada\" \/><\/figure><\/div><div class=\"swiper-slide\" role=\"group\" aria-roledescription=\"slide\" aria-label=\"7 de 10\"><figure class=\"swiper-slide-inner\"><img decoding=\"async\" class=\"swiper-slide-image\" src=\"https:\/\/rancholacienega.com\/ecoturismo\/wp-content\/uploads\/2021\/09\/DSC_1843-300x195.jpg\" alt=\"Entrada\" \/><\/figure><\/div><div class=\"swiper-slide\" role=\"group\" aria-roledescription=\"slide\" aria-label=\"8 de 10\"><figure class=\"swiper-slide-inner\"><img decoding=\"async\" class=\"swiper-slide-image\" src=\"https:\/\/rancholacienega.com\/ecoturismo\/wp-content\/uploads\/2021\/09\/IMG_8762_TRIPIE-300x200.jpg\" alt=\"Entrada\" \/><\/figure><\/div><div class=\"swiper-slide\" role=\"group\" aria-roledescription=\"slide\" aria-label=\"9 de 10\"><figure class=\"swiper-slide-inner\"><img decoding=\"async\" class=\"swiper-slide-image\" src=\"https:\/\/rancholacienega.com\/ecoturismo\/wp-content\/uploads\/2021\/09\/IMG_8727-300x200.jpg\" alt=\"Entrada\" \/><\/figure><\/div><div class=\"swiper-slide\" role=\"group\" aria-roledescription=\"slide\" aria-label=\"10 de 10\"><figure class=\"swiper-slide-inner\"><img decoding=\"async\" class=\"swiper-slide-image\" src=\"https:\/\/rancholacienega.com\/ecoturismo\/wp-content\/uploads\/2021\/09\/IMG_8724-300x200.jpg\" alt=\"Entrada\" \/><\/figure><\/div>\t\t\t<\/div>\n\t\t\t\t\t\t\t\t\t\t\t\t<div class=\"elementor-swiper-button elementor-swiper-button-prev\" role=\"button\" tabindex=\"0\">\n\t\t\t\t\t\t<i aria-hidden=\"true\" class=\"eicon-chevron-left\"><\/i>\t\t\t\t\t<\/div>\n\t\t\t\t\t<div class=\"elementor-swiper-button elementor-swiper-button-next\" role=\"button\" tabindex=\"0\">\n\t\t\t\t\t\t<i aria-hidden=\"true\" class=\"eicon-chevron-right\"><\/i>\t\t\t\t\t<\/div>\n\t\t\t\t\n\t\t\t\t\t\t\t\t\t<div class=\"swiper-pagination\"><\/div>\n\t\t\t\t\t\t\t\t\t<\/div>\n\t\t\t\t\t\t<\/div>\n\t\t\t\t<\/div>\n\t\t\t\t\t<\/div>\n\t\t<\/div>\n\t\t\t\t\t<\/div>\n\t\t<\/section>\n\t\t\t\t<section class=\"has_eae_slider elementor-section elementor-top-section elementor-element elementor-element-3608814 elementor-section-boxed elementor-section-height-default elementor-section-height-default\" data-eae-slider=\"36520\" data-id=\"3608814\" data-element_type=\"section\">\n\t\t\t\t\t\t<div class=\"elementor-container elementor-column-gap-default\">\n\t\t\t\t\t<div class=\"has_eae_slider elementor-column elementor-col-100 elementor-top-column elementor-element elementor-element-c06375c\" data-eae-slider=\"59080\" data-id=\"c06375c\" data-element_type=\"column\">\n\t\t\t<div class=\"elementor-widget-wrap elementor-element-populated\">\n\t\t\t\t\t\t<div class=\"elementor-element elementor-element-00514fd elementor-widget elementor-widget-image\" data-id=\"00514fd\" data-element_type=\"widget\" data-widget_type=\"image.default\">\n\t\t\t\t<div class=\"elementor-widget-container\">\n\t\t\t\t\t\t\t\t\t\t\t\t<figure class=\"wp-caption\">\n\t\t\t\t\t\t\t\t\t\t<img fetchpriority=\"high\" decoding=\"async\" width=\"640\" height=\"480\" src=\"https:\/\/rancholacienega.com\/ecoturismo\/wp-content\/uploads\/2024\/08\/MVC-100S.jpg\" class=\"attachment-large size-large wp-image-10916\" alt=\"\" srcset=\"https:\/\/rancholacienega.com\/ecoturismo\/wp-content\/uploads\/2024\/08\/MVC-100S.jpg 640w, https:\/\/rancholacienega.com\/ecoturismo\/wp-content\/uploads\/2024\/08\/MVC-100S-300x225.jpg 300w\" sizes=\"(max-width: 640px) 100vw, 640px\" \/>\t\t\t\t\t\t\t\t\t\t\t<figcaption class=\"widget-image-caption wp-caption-text\">La Caba\u00f1a de Leonardo (Le\u00f3n) en 1999<\/figcaption>\n\t\t\t\t\t\t\t\t\t\t<\/figure>\n\t\t\t\t\t\t\t\t\t<\/div>\n\t\t\t\t<\/div>\n\t\t\t\t\t<\/div>\n\t\t<\/div>\n\t\t\t\t\t<\/div>\n\t\t<\/section>\n\t\t\t\t<section class=\"has_eae_slider elementor-section elementor-top-section elementor-element elementor-element-555d90c elementor-section-boxed elementor-section-height-default elementor-section-height-default\" data-eae-slider=\"59974\" data-id=\"555d90c\" data-element_type=\"section\">\n\t\t\t\t\t\t<div class=\"elementor-container elementor-column-gap-default\">\n\t\t\t\t\t<div class=\"has_eae_slider elementor-column elementor-col-100 elementor-top-column elementor-element elementor-element-ab54cd9\" data-eae-slider=\"10034\" data-id=\"ab54cd9\" data-element_type=\"column\">\n\t\t\t<div class=\"elementor-widget-wrap elementor-element-populated\">\n\t\t\t\t\t\t<div class=\"elementor-element elementor-element-6b61a62 elementor-widget elementor-widget-image\" data-id=\"6b61a62\" data-element_type=\"widget\" data-widget_type=\"image.default\">\n\t\t\t\t<div class=\"elementor-widget-container\">\n\t\t\t\t\t\t\t\t\t\t\t\t<figure class=\"wp-caption\">\n\t\t\t\t\t\t\t\t\t\t<img decoding=\"async\" width=\"812\" height=\"538\" src=\"https:\/\/rancholacienega.com\/ecoturismo\/wp-content\/uploads\/2024\/08\/DOS-MACHOS-Y-DOS-HEMBRAS-1024x678.jpg\" class=\"attachment-large size-large wp-image-10924\" alt=\"\" srcset=\"https:\/\/rancholacienega.com\/ecoturismo\/wp-content\/uploads\/2024\/08\/DOS-MACHOS-Y-DOS-HEMBRAS-1024x678.jpg 1024w, https:\/\/rancholacienega.com\/ecoturismo\/wp-content\/uploads\/2024\/08\/DOS-MACHOS-Y-DOS-HEMBRAS-300x199.jpg 300w, https:\/\/rancholacienega.com\/ecoturismo\/wp-content\/uploads\/2024\/08\/DOS-MACHOS-Y-DOS-HEMBRAS-768x509.jpg 768w, https:\/\/rancholacienega.com\/ecoturismo\/wp-content\/uploads\/2024\/08\/DOS-MACHOS-Y-DOS-HEMBRAS-1536x1017.jpg 1536w, https:\/\/rancholacienega.com\/ecoturismo\/wp-content\/uploads\/2024\/08\/DOS-MACHOS-Y-DOS-HEMBRAS-2048x1356.jpg 2048w\" sizes=\"(max-width: 812px) 100vw, 812px\" \/>\t\t\t\t\t\t\t\t\t\t\t<figcaption class=\"widget-image-caption wp-caption-text\">Las vistas en temporada de Guajolote<\/figcaption>\n\t\t\t\t\t\t\t\t\t\t<\/figure>\n\t\t\t\t\t\t\t\t\t<\/div>\n\t\t\t\t<\/div>\n\t\t\t\t\t<\/div>\n\t\t<\/div>\n\t\t\t\t\t<\/div>\n\t\t<\/section>\n\t\t\t\t<section class=\"has_eae_slider elementor-section elementor-top-section elementor-element elementor-element-2722973 elementor-section-boxed elementor-section-height-default elementor-section-height-default\" data-eae-slider=\"54333\" data-id=\"2722973\" data-element_type=\"section\">\n\t\t\t\t\t\t<div class=\"elementor-container elementor-column-gap-default\">\n\t\t\t\t\t<div class=\"has_eae_slider elementor-column elementor-col-100 elementor-top-column elementor-element elementor-element-f7a0878\" data-eae-slider=\"84917\" data-id=\"f7a0878\" data-element_type=\"column\">\n\t\t\t<div class=\"elementor-widget-wrap elementor-element-populated\">\n\t\t\t\t\t\t<div class=\"elementor-element elementor-element-a3e26df elementor-widget elementor-widget-image\" data-id=\"a3e26df\" data-element_type=\"widget\" data-widget_type=\"image.default\">\n\t\t\t\t<div class=\"elementor-widget-container\">\n\t\t\t\t\t\t\t\t\t\t\t\t<figure class=\"wp-caption\">\n\t\t\t\t\t\t\t\t\t\t<img loading=\"lazy\" decoding=\"async\" width=\"812\" height=\"542\" src=\"https:\/\/rancholacienega.com\/ecoturismo\/wp-content\/uploads\/2024\/08\/IMG_3122-1024x683.jpg\" class=\"attachment-large size-large wp-image-10929\" alt=\"\" srcset=\"https:\/\/rancholacienega.com\/ecoturismo\/wp-content\/uploads\/2024\/08\/IMG_3122-1024x683.jpg 1024w, https:\/\/rancholacienega.com\/ecoturismo\/wp-content\/uploads\/2024\/08\/IMG_3122-300x200.jpg 300w, https:\/\/rancholacienega.com\/ecoturismo\/wp-content\/uploads\/2024\/08\/IMG_3122-768x512.jpg 768w, https:\/\/rancholacienega.com\/ecoturismo\/wp-content\/uploads\/2024\/08\/IMG_3122-1536x1024.jpg 1536w, https:\/\/rancholacienega.com\/ecoturismo\/wp-content\/uploads\/2024\/08\/IMG_3122-2048x1365.jpg 2048w\" sizes=\"(max-width: 812px) 100vw, 812px\" \/>\t\t\t\t\t\t\t\t\t\t\t<figcaption class=\"widget-image-caption wp-caption-text\">Cuando una Venada se te pone a tiro de foto !!!<\/figcaption>\n\t\t\t\t\t\t\t\t\t\t<\/figure>\n\t\t\t\t\t\t\t\t\t<\/div>\n\t\t\t\t<\/div>\n\t\t\t\t\t<\/div>\n\t\t<\/div>\n\t\t\t\t\t<\/div>\n\t\t<\/section>\n\t\t\t\t<section class=\"has_eae_slider elementor-section elementor-top-section elementor-element elementor-element-b952693 elementor-section-boxed elementor-section-height-default elementor-section-height-default\" data-eae-slider=\"83041\" data-id=\"b952693\" data-element_type=\"section\">\n\t\t\t\t\t\t<div class=\"elementor-container elementor-column-gap-default\">\n\t\t\t\t\t<div class=\"has_eae_slider elementor-column elementor-col-100 elementor-top-column elementor-element elementor-element-fc15da8\" data-eae-slider=\"83041\" data-id=\"fc15da8\" data-element_type=\"column\">\n\t\t\t<div class=\"elementor-widget-wrap elementor-element-populated\">\n\t\t\t\t\t\t<div class=\"elementor-element elementor-element-afc6500 elementor-widget elementor-widget-image\" data-id=\"afc6500\" data-element_type=\"widget\" data-widget_type=\"image.default\">\n\t\t\t\t<div class=\"elementor-widget-container\">\n\t\t\t\t\t\t\t\t\t\t\t\t<figure class=\"wp-caption\">\n\t\t\t\t\t\t\t\t\t\t<img loading=\"lazy\" decoding=\"async\" width=\"812\" height=\"542\" src=\"https:\/\/rancholacienega.com\/ecoturismo\/wp-content\/uploads\/2024\/08\/IMG_1722_VENADO-1024x683.jpg\" class=\"attachment-large size-large wp-image-10934\" alt=\"\" srcset=\"https:\/\/rancholacienega.com\/ecoturismo\/wp-content\/uploads\/2024\/08\/IMG_1722_VENADO-1024x683.jpg 1024w, https:\/\/rancholacienega.com\/ecoturismo\/wp-content\/uploads\/2024\/08\/IMG_1722_VENADO-300x200.jpg 300w, https:\/\/rancholacienega.com\/ecoturismo\/wp-content\/uploads\/2024\/08\/IMG_1722_VENADO-768x512.jpg 768w, https:\/\/rancholacienega.com\/ecoturismo\/wp-content\/uploads\/2024\/08\/IMG_1722_VENADO-1536x1024.jpg 1536w, https:\/\/rancholacienega.com\/ecoturismo\/wp-content\/uploads\/2024\/08\/IMG_1722_VENADO-2048x1365.jpg 2048w\" sizes=\"(max-width: 812px) 100vw, 812px\" \/>\t\t\t\t\t\t\t\t\t\t\t<figcaption class=\"widget-image-caption wp-caption-text\">Para capturar esta imagen se necesita mucho m\u00e1s que suerte !!!!<\/figcaption>\n\t\t\t\t\t\t\t\t\t\t<\/figure>\n\t\t\t\t\t\t\t\t\t<\/div>\n\t\t\t\t<\/div>\n\t\t\t\t\t<\/div>\n\t\t<\/div>\n\t\t\t\t\t<\/div>\n\t\t<\/section>\n\t\t\t\t<\/div>\n\t\t","protected":false},"excerpt":{"rendered":"<p>Caba\u00f1a Exteriores La Caba\u00f1a de Leonardo (Le\u00f3n) en 1999 Las vistas en temporada de Guajolote Cuando una Venada se te pone a tiro de foto !!! Para capturar esta imagen se necesita mucho m\u00e1s que suerte !!!!<\/p>\n","protected":false},"author":8,"featured_media":0,"parent":0,"menu_order":0,"comment_status":"closed","ping_status":"closed","template":"elementor_theme","meta":{"footnotes":""},"_links":{"self":[{"href":"https:\/\/rancholacienega.com\/ecoturismo\/wp-json\/wp\/v2\/pages\/6845"}],"collection":[{"href":"https:\/\/rancholacienega.com\/ecoturismo\/wp-json\/wp\/v2\/pages"}],"about":[{"href":"https:\/\/rancholacienega.com\/ecoturismo\/wp-json\/wp\/v2\/types\/page"}],"author":[{"embeddable":true,"href":"https:\/\/rancholacienega.com\/ecoturismo\/wp-json\/wp\/v2\/users\/8"}],"replies":[{"embeddable":true,"href":"https:\/\/rancholacienega.com\/ecoturismo\/wp-json\/wp\/v2\/comments?post=6845"}],"version-history":[{"count":20,"href":"https:\/\/rancholacienega.com\/ecoturismo\/wp-json\/wp\/v2\/pages\/6845\/revisions"}],"predecessor-version":[{"id":10937,"href":"https:\/\/rancholacienega.com\/ecoturismo\/wp-json\/wp\/v2\/pages\/6845\/revisions\/10937"}],"wp:attachment":[{"href":"https:\/\/rancholacienega.com\/ecoturismo\/wp-json\/wp\/v2\/media?parent=6845"}],"curies":[{"name":"wp","href":"https:\/\/api.w.org\/{rel}","templated":true}]}}