{"id":3162,"date":"2020-09-23T07:10:35","date_gmt":"2020-09-23T07:10:35","guid":{"rendered":"http:\/\/rancholacienega.com\/ecoturismo\/?page_id=3162"},"modified":"2022-01-17T14:00:06","modified_gmt":"2022-01-17T14:00:06","slug":"areas-y-servicios","status":"publish","type":"page","link":"https:\/\/rancholacienega.com\/ecoturismo\/inicio\/instalaciones\/areas-y-servicios\/","title":{"rendered":"\u00c1reas y servicios"},"content":{"rendered":"\t\t<div data-elementor-type=\"wp-page\" data-elementor-id=\"3162\" class=\"elementor elementor-3162\">\n\t\t\t\t\t\t<section class=\"has_eae_slider elementor-section elementor-top-section elementor-element elementor-element-0d0bdb2 elementor-section-stretched elementor-section-boxed elementor-section-height-default elementor-section-height-default\" data-eae-slider=\"30413\" data-id=\"0d0bdb2\" data-element_type=\"section\" data-settings=\"{&quot;stretch_section&quot;:&quot;section-stretched&quot;,&quot;background_background&quot;:&quot;classic&quot;}\">\n\t\t\t\t\t\t<div class=\"elementor-container elementor-column-gap-no\">\n\t\t\t\t\t<div class=\"has_eae_slider elementor-column elementor-col-100 elementor-top-column elementor-element elementor-element-9fe55ec\" data-eae-slider=\"23871\" data-id=\"9fe55ec\" data-element_type=\"column\">\n\t\t\t<div class=\"elementor-widget-wrap elementor-element-populated\">\n\t\t\t\t\t\t<div class=\"elementor-element elementor-element-8ba3ba3 elementor-widget elementor-widget-heading\" data-id=\"8ba3ba3\" data-element_type=\"widget\" data-widget_type=\"heading.default\">\n\t\t\t\t<div class=\"elementor-widget-container\">\n\t\t\t\t\t<h1 class=\"elementor-heading-title elementor-size-default\">INSTALACIONES<\/h1>\t\t\t\t<\/div>\n\t\t\t\t<\/div>\n\t\t\t\t<div class=\"elementor-element elementor-element-a960dd7 elementor-widget elementor-widget-image\" data-id=\"a960dd7\" data-element_type=\"widget\" data-widget_type=\"image.default\">\n\t\t\t\t<div class=\"elementor-widget-container\">\n\t\t\t\t\t\t\t\t\t\t\t\t\t\t\t<img decoding=\"async\" width=\"200\" height=\"8\" src=\"https:\/\/rancholacienega.com\/ecoturismo\/wp-content\/uploads\/2020\/09\/divider.png\" class=\"attachment-large size-large wp-image-2744\" alt=\"\" \/>\t\t\t\t\t\t\t\t\t\t\t\t\t\t\t<\/div>\n\t\t\t\t<\/div>\n\t\t\t\t<div class=\"elementor-element elementor-element-15b9a86 elementor-widget elementor-widget-heading\" data-id=\"15b9a86\" data-element_type=\"widget\" data-widget_type=\"heading.default\">\n\t\t\t\t<div class=\"elementor-widget-container\">\n\t\t\t\t\t<h2 class=\"elementor-heading-title elementor-size-default\">\u00c1reas y servicios<\/h2>\t\t\t\t<\/div>\n\t\t\t\t<\/div>\n\t\t\t\t<section class=\"has_eae_slider elementor-section elementor-inner-section elementor-element elementor-element-d96e2cc elementor-section-height-min-height elementor-section-boxed elementor-section-height-default\" data-eae-slider=\"18173\" data-id=\"d96e2cc\" data-element_type=\"section\" data-settings=\"{&quot;background_background&quot;:&quot;classic&quot;}\">\n\t\t\t\t\t\t<div class=\"elementor-container elementor-column-gap-default\">\n\t\t\t\t\t<div class=\"has_eae_slider elementor-column elementor-col-100 elementor-inner-column elementor-element elementor-element-97a700b\" data-eae-slider=\"86830\" data-id=\"97a700b\" data-element_type=\"column\">\n\t\t\t<div class=\"elementor-widget-wrap\">\n\t\t\t\t\t\t\t<\/div>\n\t\t<\/div>\n\t\t\t\t\t<\/div>\n\t\t<\/section>\n\t\t\t\t<section class=\"has_eae_slider elementor-section elementor-inner-section elementor-element elementor-element-bbda01e elementor-section-boxed elementor-section-height-default elementor-section-height-default\" data-eae-slider=\"26762\" data-id=\"bbda01e\" data-element_type=\"section\">\n\t\t\t\t\t\t<div class=\"elementor-container elementor-column-gap-default\">\n\t\t\t\t\t<div class=\"has_eae_slider elementor-column elementor-col-50 elementor-inner-column elementor-element elementor-element-4fd66cc\" data-eae-slider=\"12416\" data-id=\"4fd66cc\" data-element_type=\"column\">\n\t\t\t<div class=\"elementor-widget-wrap elementor-element-populated\">\n\t\t\t\t\t\t<div class=\"elementor-element elementor-element-1b7665d elementor-widget elementor-widget-text-editor\" data-id=\"1b7665d\" data-element_type=\"widget\" id=\"vivero\" data-widget_type=\"text-editor.default\">\n\t\t\t\t<div class=\"elementor-widget-container\">\n\t\t\t\t\t\t\t\t\t<h2><span style=\"font-size: 18pt; color: #68331a;\"><strong>Vivero Forestal<\/strong><\/span><\/h2>\n<p><span style=\"font-size: 12pt; color: #000000;\">\u2022 Se trabaja desde 1992 en un terreno que es posible irrigarlo por gravedad con agua de la presa con una capacidad instalada de atenci\u00f3n a m\u00e1s de 15,000 arbolitos. <\/span><\/p>\n<p><span style=\"font-size: 12pt; color: #000000;\">\u2022 El trabajo en esta instalaci\u00f3n en que se mantienen pl\u00e1ntulas por un m\u00ednimo de tres a\u00f1os en bolsas de polietileno y requiere de tareas tales como acarreo de tierra, producci\u00f3n de composta, embolsado, acomodo, poda, fertilizaci\u00f3n, fumigaci\u00f3n y riego.<\/span><\/p>\n<p><span style=\"color: #993300;\"><\/span><\/p><\/div><\/div><\/div><\/div><\/div><\/section><\/div><\/div><\/div><\/section><\/div> <a href=\"https:\/\/rancholacienega.com\/ecoturismo\/inicio\/instalaciones\/areas-y-servicios\/#more-3162\" class=\"more-link elementor-more-link\"><span aria-label=\"Continuar leyendo \u00c1reas y servicios\">(m\u00e1s&hellip;)<\/span><\/a>","protected":false},"excerpt":{"rendered":"<p>INSTALACIONES \u00c1reas y servicios Vivero Forestal \u2022 Se trabaja desde 1992 en un terreno que es posible irrigarlo por gravedad con agua de la presa con una capacidad instalada de atenci\u00f3n a m\u00e1s de 15,000 arbolitos. \u2022 El trabajo en esta instalaci\u00f3n en que se mantienen pl\u00e1ntulas por un m\u00ednimo de tres a\u00f1os en bolsas [&hellip;]<\/p>\n","protected":false},"author":1,"featured_media":0,"parent":3135,"menu_order":0,"comment_status":"closed","ping_status":"closed","template":"elementor_header_footer","meta":{"footnotes":""},"_links":{"self":[{"href":"https:\/\/rancholacienega.com\/ecoturismo\/wp-json\/wp\/v2\/pages\/3162"}],"collection":[{"href":"https:\/\/rancholacienega.com\/ecoturismo\/wp-json\/wp\/v2\/pages"}],"about":[{"href":"https:\/\/rancholacienega.com\/ecoturismo\/wp-json\/wp\/v2\/types\/page"}],"author":[{"embeddable":true,"href":"https:\/\/rancholacienega.com\/ecoturismo\/wp-json\/wp\/v2\/users\/1"}],"replies":[{"embeddable":true,"href":"https:\/\/rancholacienega.com\/ecoturismo\/wp-json\/wp\/v2\/comments?post=3162"}],"version-history":[{"count":96,"href":"https:\/\/rancholacienega.com\/ecoturismo\/wp-json\/wp\/v2\/pages\/3162\/revisions"}],"predecessor-version":[{"id":7315,"href":"https:\/\/rancholacienega.com\/ecoturismo\/wp-json\/wp\/v2\/pages\/3162\/revisions\/7315"}],"up":[{"embeddable":true,"href":"https:\/\/rancholacienega.com\/ecoturismo\/wp-json\/wp\/v2\/pages\/3135"}],"wp:attachment":[{"href":"https:\/\/rancholacienega.com\/ecoturismo\/wp-json\/wp\/v2\/media?parent=3162"}],"curies":[{"name":"wp","href":"https:\/\/api.w.org\/{rel}","templated":true}]}}