{"id":3054,"date":"2020-09-21T06:44:45","date_gmt":"2020-09-21T06:44:45","guid":{"rendered":"http:\/\/rancholacienega.com\/ecoturismo\/?page_id=3054"},"modified":"2024-10-17T14:13:39","modified_gmt":"2024-10-17T14:13:39","slug":"astronomico","status":"publish","type":"page","link":"https:\/\/rancholacienega.com\/ecoturismo\/inicio\/planes-y-paquetes\/astronomico\/","title":{"rendered":"ASTRONOMICO"},"content":{"rendered":"\t\t<div data-elementor-type=\"wp-page\" data-elementor-id=\"3054\" class=\"elementor elementor-3054\">\n\t\t\t\t\t\t<section class=\"has_eae_slider elementor-section elementor-top-section elementor-element elementor-element-5ee2ec0b elementor-section-stretched elementor-section-boxed elementor-section-height-default elementor-section-height-default\" data-eae-slider=\"19003\" data-id=\"5ee2ec0b\" data-element_type=\"section\" data-settings=\"{&quot;stretch_section&quot;:&quot;section-stretched&quot;,&quot;background_background&quot;:&quot;classic&quot;}\">\n\t\t\t\t\t\t<div class=\"elementor-container elementor-column-gap-no\">\n\t\t\t\t\t<div class=\"has_eae_slider elementor-column elementor-col-100 elementor-top-column elementor-element elementor-element-6d43468f\" data-eae-slider=\"61683\" data-id=\"6d43468f\" data-element_type=\"column\">\n\t\t\t<div class=\"elementor-widget-wrap elementor-element-populated\">\n\t\t\t\t\t\t<div class=\"elementor-element elementor-element-64d0e9f4 elementor-widget elementor-widget-heading\" data-id=\"64d0e9f4\" data-element_type=\"widget\" data-widget_type=\"heading.default\">\n\t\t\t\t<div class=\"elementor-widget-container\">\n\t\t\t\t\t<h1 class=\"elementor-heading-title elementor-size-default\">PLANES Y PAQUETES<\/h1>\t\t\t\t<\/div>\n\t\t\t\t<\/div>\n\t\t\t\t<div class=\"elementor-element elementor-element-191d3a3f elementor-widget elementor-widget-image\" data-id=\"191d3a3f\" data-element_type=\"widget\" data-widget_type=\"image.default\">\n\t\t\t\t<div class=\"elementor-widget-container\">\n\t\t\t\t\t\t\t\t\t\t\t\t\t\t\t<img decoding=\"async\" width=\"200\" height=\"8\" src=\"https:\/\/rancholacienega.com\/ecoturismo\/wp-content\/uploads\/2020\/09\/divider.png\" class=\"attachment-large size-large wp-image-2744\" alt=\"\" \/>\t\t\t\t\t\t\t\t\t\t\t\t\t\t\t<\/div>\n\t\t\t\t<\/div>\n\t\t\t\t<div class=\"elementor-element elementor-element-1ec2023f elementor-widget elementor-widget-heading\" data-id=\"1ec2023f\" data-element_type=\"widget\" data-widget_type=\"heading.default\">\n\t\t\t\t<div class=\"elementor-widget-container\">\n\t\t\t\t\t<h2 class=\"elementor-heading-title elementor-size-default\">Turismo Astron\u00f3mico<\/h2>\t\t\t\t<\/div>\n\t\t\t\t<\/div>\n\t\t\t\t<div class=\"elementor-element elementor-element-4db9f2b1 elementor-absolute elementor-widget elementor-widget-image\" data-id=\"4db9f2b1\" data-element_type=\"widget\" data-settings=\"{&quot;_position&quot;:&quot;absolute&quot;}\" data-widget_type=\"image.default\">\n\t\t\t\t<div class=\"elementor-widget-container\">\n\t\t\t\t\t\t\t\t\t\t\t\t\t\t\t<img fetchpriority=\"high\" decoding=\"async\" width=\"812\" height=\"812\" src=\"https:\/\/rancholacienega.com\/ecoturismo\/wp-content\/uploads\/2020\/09\/Logo_Ecoturismo_19_Jun_2020.png\" class=\"attachment-large size-large wp-image-2763\" alt=\"\" srcset=\"https:\/\/rancholacienega.com\/ecoturismo\/wp-content\/uploads\/2020\/09\/Logo_Ecoturismo_19_Jun_2020.png 851w, https:\/\/rancholacienega.com\/ecoturismo\/wp-content\/uploads\/2020\/09\/Logo_Ecoturismo_19_Jun_2020-300x300.png 300w, https:\/\/rancholacienega.com\/ecoturismo\/wp-content\/uploads\/2020\/09\/Logo_Ecoturismo_19_Jun_2020-150x150.png 150w, https:\/\/rancholacienega.com\/ecoturismo\/wp-content\/uploads\/2020\/09\/Logo_Ecoturismo_19_Jun_2020-768x768.png 768w, https:\/\/rancholacienega.com\/ecoturismo\/wp-content\/uploads\/2020\/09\/Logo_Ecoturismo_19_Jun_2020-75x75.png 75w\" sizes=\"(max-width: 812px) 100vw, 812px\" \/>\t\t\t\t\t\t\t\t\t\t\t\t\t\t\t<\/div>\n\t\t\t\t<\/div>\n\t\t\t\t<section class=\"has_eae_slider elementor-section elementor-inner-section elementor-element elementor-element-ff3f7b2 elementor-section-boxed elementor-section-height-default elementor-section-height-default\" data-eae-slider=\"51303\" data-id=\"ff3f7b2\" data-element_type=\"section\" data-settings=\"{&quot;background_background&quot;:&quot;classic&quot;}\">\n\t\t\t\t\t\t<div class=\"elementor-container elementor-column-gap-default\">\n\t\t\t\t\t<div class=\"has_eae_slider elementor-column elementor-col-50 elementor-inner-column elementor-element elementor-element-d254862\" data-eae-slider=\"58757\" data-id=\"d254862\" data-element_type=\"column\">\n\t\t\t<div class=\"elementor-widget-wrap elementor-element-populated\">\n\t\t\t\t\t\t<div class=\"elementor-element elementor-element-45fcbcd elementor-widget elementor-widget-text-editor\" data-id=\"45fcbcd\" data-element_type=\"widget\" data-widget_type=\"text-editor.default\">\n\t\t\t\t<div class=\"elementor-widget-container\">\n\t\t\t\t\t\t\t\t\t<h2><span style=\"color: #68331a;\"><span style=\"font-size: 24px;\"><b>Astronom\u00eda<\/b><\/span><\/span><\/h2><p><span style=\"font-size: 12pt; color: #000000;\">En Rancho la Ci\u00e9nega nos hemos propuesto fomentar el conocimiento de la Ciencia de la Astronom\u00eda, por tal motivo invitamos a los visitantes a subir al Cerro del Observatorio a admirar las maravillas de los cielos claros de Sierra Fr\u00eda a sus 2,680 metros sobre el nivel del mar, libres de contaminaci\u00f3n lum\u00ednica, a realizar durante su estancia al menos una Simple observaci\u00f3n.- por cuenta propia (sin costo) al visitar &#8220;Caba\u00f1a Las Driades&#8221; en el Cerro del Observatorio \u201cLuis Gerardo Castillo Mac\u00edas\u201d.<\/span><\/p><p><span style=\"color: #808000;\"><strong><span style=\"font-size: 12pt;\"> <i class=\"fas fa-check\"><\/i>Sesi\u00f3n de Astrofotograf\u00eda <\/span><\/strong><\/span><\/p><p><span style=\"font-size: 12pt; color: #000000;\">Se practica la fotograf\u00eda celestial con los equipos propiedad de los participantes o de los instructores, mostrando y gui\u00e1ndolos en los conocimientos por los cursos impartidos dentro de Extensi\u00f3n Universitaria de la UAA (Universidad Aut\u00f3noma de Aguascalientes). <\/span><\/p><p><strong><span style=\"font-size: 12pt; color: #808000;\"><i class=\"fas fa-check\"><\/i>Sesi\u00f3n de Iniciaci\u00f3n <\/span><\/strong><\/p><p><span style=\"font-size: 12pt; color: #000000;\">Pueden contratarse los servicios de la S.A.A. en la que alguno(s) de sus Asociado(s) asesoran y muestran a los asistentes mediante una sesi\u00f3n multimedia y una posterior sesi\u00f3n de observaci\u00f3n pr\u00e1ctica se\u00f1alizando los objetos presentes en la b\u00f3veda celeste para que los asistentes aprendan a orientarse mediante la ubicaci\u00f3n de las Constelaciones. <\/span><\/p><p><span style=\"font-size: 12pt; color: #000000;\">\u00a0<\/span><\/p>\t\t\t\t\t\t\t\t<\/div>\n\t\t\t\t<\/div>\n\t\t\t\t\t<\/div>\n\t\t<\/div>\n\t\t\t\t<div class=\"has_eae_slider elementor-column elementor-col-50 elementor-inner-column elementor-element elementor-element-bfe2e85\" data-eae-slider=\"76907\" data-id=\"bfe2e85\" data-element_type=\"column\">\n\t\t\t<div class=\"elementor-widget-wrap elementor-element-populated\">\n\t\t\t\t\t\t<div class=\"elementor-element elementor-element-9c6812c elementor-widget elementor-widget-image\" data-id=\"9c6812c\" data-element_type=\"widget\" data-widget_type=\"image.default\">\n\t\t\t\t<div class=\"elementor-widget-container\">\n\t\t\t\t\t\t\t\t\t\t\t\t\t\t\t<img decoding=\"async\" width=\"600\" height=\"489\" src=\"https:\/\/rancholacienega.com\/ecoturismo\/wp-content\/uploads\/2020\/09\/IMG_0263-Frame.jpg\" class=\"attachment-large size-large wp-image-3039\" alt=\"\" srcset=\"https:\/\/rancholacienega.com\/ecoturismo\/wp-content\/uploads\/2020\/09\/IMG_0263-Frame.jpg 600w, https:\/\/rancholacienega.com\/ecoturismo\/wp-content\/uploads\/2020\/09\/IMG_0263-Frame-300x245.jpg 300w\" sizes=\"(max-width: 600px) 100vw, 600px\" \/>\t\t\t\t\t\t\t\t\t\t\t\t\t\t\t<\/div>\n\t\t\t\t<\/div>\n\t\t\t\t\t<\/div>\n\t\t<\/div>\n\t\t\t\t\t<\/div>\n\t\t<\/section>\n\t\t\t\t<section class=\"has_eae_slider elementor-section elementor-inner-section elementor-element elementor-element-166d57c elementor-section-boxed elementor-section-height-default elementor-section-height-default\" data-eae-slider=\"86027\" data-id=\"166d57c\" data-element_type=\"section\" data-settings=\"{&quot;background_background&quot;:&quot;classic&quot;}\">\n\t\t\t\t\t\t<div class=\"elementor-container elementor-column-gap-wider\">\n\t\t\t\t\t<div class=\"has_eae_slider elementor-column elementor-col-33 elementor-inner-column elementor-element elementor-element-e0ebd8d\" data-eae-slider=\"35563\" data-id=\"e0ebd8d\" data-element_type=\"column\" data-settings=\"{&quot;background_background&quot;:&quot;classic&quot;}\">\n\t\t\t<div class=\"elementor-widget-wrap elementor-element-populated\">\n\t\t\t\t\t\t<div class=\"elementor-element elementor-element-6ec8a43 elementor-widget elementor-widget-image\" data-id=\"6ec8a43\" data-element_type=\"widget\" data-widget_type=\"image.default\">\n\t\t\t\t<div class=\"elementor-widget-container\">\n\t\t\t\t\t\t\t\t\t\t\t\t\t\t\t<img loading=\"lazy\" decoding=\"async\" width=\"200\" height=\"200\" src=\"https:\/\/rancholacienega.com\/ecoturismo\/wp-content\/uploads\/2020\/09\/ecoturismo-cabin-icons_telescopio.png\" class=\"attachment-large size-large wp-image-2807\" alt=\"\" srcset=\"https:\/\/rancholacienega.com\/ecoturismo\/wp-content\/uploads\/2020\/09\/ecoturismo-cabin-icons_telescopio.png 200w, https:\/\/rancholacienega.com\/ecoturismo\/wp-content\/uploads\/2020\/09\/ecoturismo-cabin-icons_telescopio-150x150.png 150w, https:\/\/rancholacienega.com\/ecoturismo\/wp-content\/uploads\/2020\/09\/ecoturismo-cabin-icons_telescopio-75x75.png 75w\" sizes=\"(max-width: 200px) 100vw, 200px\" \/>\t\t\t\t\t\t\t\t\t\t\t\t\t\t\t<\/div>\n\t\t\t\t<\/div>\n\t\t\t\t<div class=\"elementor-element elementor-element-4f0830f elementor-align-center elementor-widget elementor-widget-button\" data-id=\"4f0830f\" data-element_type=\"widget\" data-widget_type=\"button.default\">\n\t\t\t\t<div class=\"elementor-widget-container\">\n\t\t\t\t\t\t\t\t\t<div class=\"elementor-button-wrapper\">\n\t\t\t\t\t<a class=\"elementor-button elementor-button-link elementor-size-sm\" href=\"mailto:mrodriguez@pavymaq.com\" target=\"_blank\">\n\t\t\t\t\t\t<span class=\"elementor-button-content-wrapper\">\n\t\t\t\t\t\t\t\t\t<span class=\"elementor-button-text\">Contactanos<\/span>\n\t\t\t\t\t<\/span>\n\t\t\t\t\t<\/a>\n\t\t\t\t<\/div>\n\t\t\t\t\t\t\t\t<\/div>\n\t\t\t\t<\/div>\n\t\t\t\t\t<\/div>\n\t\t<\/div>\n\t\t\t\t<div class=\"has_eae_slider elementor-column elementor-col-50 elementor-inner-column elementor-element elementor-element-85682d3\" data-eae-slider=\"64274\" data-id=\"85682d3\" data-element_type=\"column\" data-settings=\"{&quot;background_background&quot;:&quot;classic&quot;}\">\n\t\t\t<div class=\"elementor-widget-wrap elementor-element-populated\">\n\t\t\t\t\t\t<div class=\"elementor-element elementor-element-fb2faa1 elementor-widget elementor-widget-text-editor\" data-id=\"fb2faa1\" data-element_type=\"widget\" data-widget_type=\"text-editor.default\">\n\t\t\t\t<div class=\"elementor-widget-container\">\n\t\t\t\t\t\t\t\t\t<h2><span style=\"color: #68331a;\"><span style=\"font-size: 24px;\"><b>Observatorio<\/b><\/span><\/span><\/h2><p><span style=\"font-size: 12pt; color: #000000;\">Como gran astr\u00f3nomo, maestro insuperable y ser humano excepcional fueron los motivos para nombrar esta peque\u00f1a instalaci\u00f3n con el nombre de LUIS GERARDO CASTILLO MAC\u00cdAS para la divulgaci\u00f3n de la ciencia, pr\u00e1ctica de iniciados y disfrute de todos los astr\u00f3nomos aficionados que visitan el lugar, maravill\u00e1ndose de los cielos tan limpios y extraordinarios en el incre\u00edble sitio ecol\u00f3gico de &#8220;Rancho La Ci\u00e9nega&#8221; ubicado los bosques de la Sierra Fr\u00eda.<\/span><\/p><p><span style=\"font-size: 12pt; color: #000000;\">Pregunta por Planes y Programa de visitas. En sesiones programadas, con la gu\u00eda y ense\u00f1anzas del verdadero maestro, el \u00a0Ing. Manuel Rodr\u00edguez Huerta (ex-Presidente), de estar en disposici\u00f3n de conducirla, o bien, por otro miembro de la Sociedad Astron\u00f3mica de Aguascalientes, A.C.. (SAA), que har\u00e1n de la experiencia un verdadero motivo para conocer esta importante Ciencia.<\/span><\/p><p><span style=\"font-size: 12pt; color: #000000;\">Visita el sitio de Facebook de la Organizaci\u00f3n.\u00a0<\/span><\/p>\t\t\t\t\t\t\t\t<\/div>\n\t\t\t\t<\/div>\n\t\t\t\t\t<\/div>\n\t\t<\/div>\n\t\t\t\t\t<\/div>\n\t\t<\/section>\n\t\t\t\t<section class=\"has_eae_slider elementor-section elementor-inner-section elementor-element elementor-element-912f627 elementor-section-boxed elementor-section-height-default elementor-section-height-default\" data-eae-slider=\"55452\" data-id=\"912f627\" data-element_type=\"section\" data-settings=\"{&quot;background_background&quot;:&quot;classic&quot;}\">\n\t\t\t\t\t\t<div class=\"elementor-container elementor-column-gap-wider\">\n\t\t\t\t\t<div class=\"has_eae_slider elementor-column elementor-col-100 elementor-inner-column elementor-element elementor-element-1c9a8b3\" data-eae-slider=\"5056\" data-id=\"1c9a8b3\" data-element_type=\"column\" data-settings=\"{&quot;background_background&quot;:&quot;classic&quot;}\">\n\t\t\t<div class=\"elementor-widget-wrap elementor-element-populated\">\n\t\t\t\t\t\t<div class=\"elementor-element elementor-element-33c2197 elementor-widget elementor-widget-image\" data-id=\"33c2197\" data-element_type=\"widget\" data-widget_type=\"image.default\">\n\t\t\t\t<div class=\"elementor-widget-container\">\n\t\t\t\t\t\t\t\t\t\t\t\t\t\t\t\t<a href=\"http:\/\/rancholacienega.com\/ecoturismo\/inicio\/planes-y-paquetes\/astronomico\/cielo-del-mes\/\">\n\t\t\t\t\t\t\t<img loading=\"lazy\" decoding=\"async\" width=\"200\" height=\"200\" src=\"https:\/\/rancholacienega.com\/ecoturismo\/wp-content\/uploads\/2020\/09\/ecoturismo-cabin-icons_cielo-del-mes.png\" class=\"attachment-large size-large wp-image-2819\" alt=\"\" srcset=\"https:\/\/rancholacienega.com\/ecoturismo\/wp-content\/uploads\/2020\/09\/ecoturismo-cabin-icons_cielo-del-mes.png 200w, https:\/\/rancholacienega.com\/ecoturismo\/wp-content\/uploads\/2020\/09\/ecoturismo-cabin-icons_cielo-del-mes-150x150.png 150w, https:\/\/rancholacienega.com\/ecoturismo\/wp-content\/uploads\/2020\/09\/ecoturismo-cabin-icons_cielo-del-mes-75x75.png 75w\" sizes=\"(max-width: 200px) 100vw, 200px\" \/>\t\t\t\t\t\t\t\t<\/a>\n\t\t\t\t\t\t\t\t\t\t\t\t\t\t\t<\/div>\n\t\t\t\t<\/div>\n\t\t\t\t<div class=\"elementor-element elementor-element-f0978f2 elementor-widget elementor-widget-heading\" data-id=\"f0978f2\" data-element_type=\"widget\" data-widget_type=\"heading.default\">\n\t\t\t\t<div class=\"elementor-widget-container\">\n\t\t\t\t\t<h1 class=\"elementor-heading-title elementor-size-large\"><a href=\"http:\/\/rancholacienega.com\/ecoturismo\/inicio\/planes-y-paquetes\/astronomico\/cielo-del-mes\/\">Cielo del mes<\/a><\/h1>\t\t\t\t<\/div>\n\t\t\t\t<\/div>\n\t\t\t\t\t<\/div>\n\t\t<\/div>\n\t\t\t\t\t<\/div>\n\t\t<\/section>\n\t\t\t\t\t<\/div>\n\t\t<\/div>\n\t\t\t\t\t<\/div>\n\t\t<\/section>\n\t\t\t\t<section class=\"has_eae_slider elementor-section elementor-top-section elementor-element elementor-element-449d7a6 elementor-section-boxed elementor-section-height-default elementor-section-height-default\" data-eae-slider=\"36808\" data-id=\"449d7a6\" data-element_type=\"section\">\n\t\t\t\t\t\t<div class=\"elementor-container elementor-column-gap-default\">\n\t\t\t\t\t<div class=\"has_eae_slider elementor-column elementor-col-33 elementor-top-column elementor-element elementor-element-b6c0346\" data-eae-slider=\"32835\" data-id=\"b6c0346\" data-element_type=\"column\">\n\t\t\t<div class=\"elementor-widget-wrap elementor-element-populated\">\n\t\t\t\t\t\t<div class=\"elementor-element elementor-element-1c38e0b elementor-widget elementor-widget-image\" data-id=\"1c38e0b\" data-element_type=\"widget\" data-widget_type=\"image.default\">\n\t\t\t\t<div class=\"elementor-widget-container\">\n\t\t\t\t\t\t\t\t\t\t\t\t\t\t\t<img loading=\"lazy\" decoding=\"async\" width=\"600\" height=\"450\" src=\"https:\/\/rancholacienega.com\/ecoturismo\/wp-content\/uploads\/2021\/11\/DSC00138.jpg\" class=\"attachment-large size-large wp-image-6958\" alt=\"\" srcset=\"https:\/\/rancholacienega.com\/ecoturismo\/wp-content\/uploads\/2021\/11\/DSC00138.jpg 600w, https:\/\/rancholacienega.com\/ecoturismo\/wp-content\/uploads\/2021\/11\/DSC00138-300x225.jpg 300w\" sizes=\"(max-width: 600px) 100vw, 600px\" \/>\t\t\t\t\t\t\t\t\t\t\t\t\t\t\t<\/div>\n\t\t\t\t<\/div>\n\t\t\t\t\t<\/div>\n\t\t<\/div>\n\t\t\t\t<div class=\"has_eae_slider elementor-column elementor-col-33 elementor-top-column elementor-element elementor-element-2e76804\" data-eae-slider=\"14591\" data-id=\"2e76804\" data-element_type=\"column\">\n\t\t\t<div class=\"elementor-widget-wrap elementor-element-populated\">\n\t\t\t\t\t\t<div class=\"elementor-element elementor-element-97654b7 elementor-widget elementor-widget-image\" data-id=\"97654b7\" data-element_type=\"widget\" data-widget_type=\"image.default\">\n\t\t\t\t<div class=\"elementor-widget-container\">\n\t\t\t\t\t\t\t\t\t\t\t\t\t\t\t<img loading=\"lazy\" decoding=\"async\" width=\"600\" height=\"450\" src=\"https:\/\/rancholacienega.com\/ecoturismo\/wp-content\/uploads\/2021\/11\/DSC00134.jpg\" class=\"attachment-large size-large wp-image-6959\" alt=\"\" srcset=\"https:\/\/rancholacienega.com\/ecoturismo\/wp-content\/uploads\/2021\/11\/DSC00134.jpg 600w, https:\/\/rancholacienega.com\/ecoturismo\/wp-content\/uploads\/2021\/11\/DSC00134-300x225.jpg 300w\" sizes=\"(max-width: 600px) 100vw, 600px\" \/>\t\t\t\t\t\t\t\t\t\t\t\t\t\t\t<\/div>\n\t\t\t\t<\/div>\n\t\t\t\t\t<\/div>\n\t\t<\/div>\n\t\t\t\t<div class=\"has_eae_slider elementor-column elementor-col-33 elementor-top-column elementor-element elementor-element-e6ba1d6\" data-eae-slider=\"41124\" data-id=\"e6ba1d6\" data-element_type=\"column\">\n\t\t\t<div class=\"elementor-widget-wrap elementor-element-populated\">\n\t\t\t\t\t\t<div class=\"elementor-element elementor-element-35c662c elementor-widget elementor-widget-image\" data-id=\"35c662c\" data-element_type=\"widget\" data-widget_type=\"image.default\">\n\t\t\t\t<div class=\"elementor-widget-container\">\n\t\t\t\t\t\t\t\t\t\t\t\t\t\t\t<img loading=\"lazy\" decoding=\"async\" width=\"812\" height=\"542\" src=\"https:\/\/rancholacienega.com\/ecoturismo\/wp-content\/uploads\/2021\/11\/IMG_9573-1024x683.jpg\" class=\"attachment-large size-large wp-image-6960\" alt=\"\" srcset=\"https:\/\/rancholacienega.com\/ecoturismo\/wp-content\/uploads\/2021\/11\/IMG_9573-1024x683.jpg 1024w, https:\/\/rancholacienega.com\/ecoturismo\/wp-content\/uploads\/2021\/11\/IMG_9573-300x200.jpg 300w, https:\/\/rancholacienega.com\/ecoturismo\/wp-content\/uploads\/2021\/11\/IMG_9573-768x512.jpg 768w, https:\/\/rancholacienega.com\/ecoturismo\/wp-content\/uploads\/2021\/11\/IMG_9573-1536x1024.jpg 1536w, https:\/\/rancholacienega.com\/ecoturismo\/wp-content\/uploads\/2021\/11\/IMG_9573-2048x1365.jpg 2048w\" sizes=\"(max-width: 812px) 100vw, 812px\" \/>\t\t\t\t\t\t\t\t\t\t\t\t\t\t\t<\/div>\n\t\t\t\t<\/div>\n\t\t\t\t\t<\/div>\n\t\t<\/div>\n\t\t\t\t\t<\/div>\n\t\t<\/section>\n\t\t\t\t<section class=\"has_eae_slider elementor-section elementor-top-section elementor-element elementor-element-f73b0c1 elementor-section-boxed elementor-section-height-default elementor-section-height-default\" data-eae-slider=\"83255\" data-id=\"f73b0c1\" data-element_type=\"section\">\n\t\t\t\t\t\t<div class=\"elementor-container elementor-column-gap-default\">\n\t\t\t\t\t<div class=\"has_eae_slider elementor-column elementor-col-33 elementor-top-column elementor-element elementor-element-52406c7\" data-eae-slider=\"90579\" data-id=\"52406c7\" data-element_type=\"column\">\n\t\t\t<div class=\"elementor-widget-wrap elementor-element-populated\">\n\t\t\t\t\t\t<div class=\"elementor-element elementor-element-39e76d6 elementor-widget elementor-widget-text-editor\" data-id=\"39e76d6\" data-element_type=\"widget\" data-widget_type=\"text-editor.default\">\n\t\t\t\t<div class=\"elementor-widget-container\">\n\t\t\t\t\t\t\t\t\t<p>Ing. Luis Gerardo Castillo Mac\u00edas (q.e.p.d.)<\/p>\t\t\t\t\t\t\t\t<\/div>\n\t\t\t\t<\/div>\n\t\t\t\t\t<\/div>\n\t\t<\/div>\n\t\t\t\t<div class=\"has_eae_slider elementor-column elementor-col-33 elementor-top-column elementor-element elementor-element-54ed7b6\" data-eae-slider=\"49582\" data-id=\"54ed7b6\" data-element_type=\"column\">\n\t\t\t<div class=\"elementor-widget-wrap elementor-element-populated\">\n\t\t\t\t\t\t<div class=\"elementor-element elementor-element-e5be368 elementor-widget elementor-widget-text-editor\" data-id=\"e5be368\" data-element_type=\"widget\" data-widget_type=\"text-editor.default\">\n\t\t\t\t<div class=\"elementor-widget-container\">\n\t\t\t\t\t\t\t\t\t<p style=\"text-align: center;\">Carlos Guerrero P\u00e9rez<\/p>\t\t\t\t\t\t\t\t<\/div>\n\t\t\t\t<\/div>\n\t\t\t\t\t<\/div>\n\t\t<\/div>\n\t\t\t\t<div class=\"has_eae_slider elementor-column elementor-col-33 elementor-top-column elementor-element elementor-element-96f18f8\" data-eae-slider=\"31872\" data-id=\"96f18f8\" data-element_type=\"column\">\n\t\t\t<div class=\"elementor-widget-wrap elementor-element-populated\">\n\t\t\t\t\t\t<div class=\"elementor-element elementor-element-6edaec3 elementor-widget elementor-widget-text-editor\" data-id=\"6edaec3\" data-element_type=\"widget\" data-widget_type=\"text-editor.default\">\n\t\t\t\t<div class=\"elementor-widget-container\">\n\t\t\t\t\t\t\t\t\t<p style=\"text-align: center;\">Grupo de la SSA en evento en la UAA<\/p>\t\t\t\t\t\t\t\t<\/div>\n\t\t\t\t<\/div>\n\t\t\t\t\t<\/div>\n\t\t<\/div>\n\t\t\t\t\t<\/div>\n\t\t<\/section>\n\t\t\t\t<\/div>\n\t\t","protected":false},"excerpt":{"rendered":"<p>PLANES Y PAQUETES Turismo Astron\u00f3mico Astronom\u00eda En Rancho la Ci\u00e9nega nos hemos propuesto fomentar el conocimiento de la Ciencia de la Astronom\u00eda, por tal motivo invitamos a los visitantes a subir al Cerro del Observatorio a admirar las maravillas de los cielos claros de Sierra Fr\u00eda a sus 2,680 metros sobre el nivel del mar, [&hellip;]<\/p>\n","protected":false},"author":1,"featured_media":0,"parent":3003,"menu_order":0,"comment_status":"closed","ping_status":"closed","template":"elementor_header_footer","meta":{"footnotes":""},"_links":{"self":[{"href":"https:\/\/rancholacienega.com\/ecoturismo\/wp-json\/wp\/v2\/pages\/3054"}],"collection":[{"href":"https:\/\/rancholacienega.com\/ecoturismo\/wp-json\/wp\/v2\/pages"}],"about":[{"href":"https:\/\/rancholacienega.com\/ecoturismo\/wp-json\/wp\/v2\/types\/page"}],"author":[{"embeddable":true,"href":"https:\/\/rancholacienega.com\/ecoturismo\/wp-json\/wp\/v2\/users\/1"}],"replies":[{"embeddable":true,"href":"https:\/\/rancholacienega.com\/ecoturismo\/wp-json\/wp\/v2\/comments?post=3054"}],"version-history":[{"count":41,"href":"https:\/\/rancholacienega.com\/ecoturismo\/wp-json\/wp\/v2\/pages\/3054\/revisions"}],"predecessor-version":[{"id":11289,"href":"https:\/\/rancholacienega.com\/ecoturismo\/wp-json\/wp\/v2\/pages\/3054\/revisions\/11289"}],"up":[{"embeddable":true,"href":"https:\/\/rancholacienega.com\/ecoturismo\/wp-json\/wp\/v2\/pages\/3003"}],"wp:attachment":[{"href":"https:\/\/rancholacienega.com\/ecoturismo\/wp-json\/wp\/v2\/media?parent=3054"}],"curies":[{"name":"wp","href":"https:\/\/api.w.org\/{rel}","templated":true}]}}