{"id":3016,"date":"2020-09-20T08:50:16","date_gmt":"2020-09-20T08:50:16","guid":{"rendered":"http:\/\/rancholacienega.com\/ecoturismo\/?page_id=3016"},"modified":"2024-11-05T02:08:05","modified_gmt":"2024-11-05T02:08:05","slug":"escolar","status":"publish","type":"page","link":"https:\/\/rancholacienega.com\/ecoturismo\/inicio\/planes-y-paquetes\/escolar\/","title":{"rendered":"ESCOLAR"},"content":{"rendered":"\t\t<div data-elementor-type=\"wp-page\" data-elementor-id=\"3016\" class=\"elementor elementor-3016\">\n\t\t\t\t\t\t<section class=\"has_eae_slider elementor-section elementor-top-section elementor-element elementor-element-c8b415f elementor-section-stretched elementor-section-boxed elementor-section-height-default elementor-section-height-default\" data-eae-slider=\"84001\" data-id=\"c8b415f\" data-element_type=\"section\" data-settings=\"{&quot;stretch_section&quot;:&quot;section-stretched&quot;,&quot;background_background&quot;:&quot;classic&quot;}\">\n\t\t\t\t\t\t<div class=\"elementor-container elementor-column-gap-no\">\n\t\t\t\t\t<div class=\"has_eae_slider elementor-column elementor-col-100 elementor-top-column elementor-element elementor-element-cec39cd\" data-eae-slider=\"71580\" data-id=\"cec39cd\" data-element_type=\"column\">\n\t\t\t<div class=\"elementor-widget-wrap elementor-element-populated\">\n\t\t\t\t\t\t<div class=\"elementor-element elementor-element-46c05324 elementor-widget elementor-widget-heading\" data-id=\"46c05324\" data-element_type=\"widget\" data-widget_type=\"heading.default\">\n\t\t\t\t<div class=\"elementor-widget-container\">\n\t\t\t\t\t<h1 class=\"elementor-heading-title elementor-size-default\">PLANES Y PAQUETES<\/h1>\t\t\t\t<\/div>\n\t\t\t\t<\/div>\n\t\t\t\t<div class=\"elementor-element elementor-element-6d964122 elementor-widget elementor-widget-image\" data-id=\"6d964122\" data-element_type=\"widget\" data-widget_type=\"image.default\">\n\t\t\t\t<div class=\"elementor-widget-container\">\n\t\t\t\t\t\t\t\t\t\t\t\t\t\t\t<img decoding=\"async\" width=\"200\" height=\"8\" src=\"https:\/\/rancholacienega.com\/ecoturismo\/wp-content\/uploads\/2020\/09\/divider.png\" class=\"attachment-large size-large wp-image-2744\" alt=\"\" \/>\t\t\t\t\t\t\t\t\t\t\t\t\t\t\t<\/div>\n\t\t\t\t<\/div>\n\t\t\t\t<div class=\"elementor-element elementor-element-3a639be elementor-widget elementor-widget-heading\" data-id=\"3a639be\" data-element_type=\"widget\" data-widget_type=\"heading.default\">\n\t\t\t\t<div class=\"elementor-widget-container\">\n\t\t\t\t\t<h2 class=\"elementor-heading-title elementor-size-default\">Turismo Escolar<\/h2>\t\t\t\t<\/div>\n\t\t\t\t<\/div>\n\t\t\t\t<section class=\"has_eae_slider elementor-section elementor-inner-section elementor-element elementor-element-fef8692 elementor-section-boxed elementor-section-height-default elementor-section-height-default\" data-eae-slider=\"34463\" data-id=\"fef8692\" data-element_type=\"section\" data-settings=\"{&quot;background_background&quot;:&quot;classic&quot;}\">\n\t\t\t\t\t\t<div class=\"elementor-container elementor-column-gap-default\">\n\t\t\t\t\t<div class=\"has_eae_slider elementor-column elementor-col-50 elementor-inner-column elementor-element elementor-element-db10217\" data-eae-slider=\"98735\" data-id=\"db10217\" data-element_type=\"column\">\n\t\t\t<div class=\"elementor-widget-wrap elementor-element-populated\">\n\t\t\t\t\t\t<div class=\"elementor-element elementor-element-5cedcf2 elementor-widget elementor-widget-heading\" data-id=\"5cedcf2\" data-element_type=\"widget\" data-widget_type=\"heading.default\">\n\t\t\t\t<div class=\"elementor-widget-container\">\n\t\t\t\t\t<h2 class=\"elementor-heading-title elementor-size-default\">Campamento de verano<\/h2>\t\t\t\t<\/div>\n\t\t\t\t<\/div>\n\t\t\t\t<div class=\"elementor-element elementor-element-8c9dce1 elementor-widget elementor-widget-text-editor\" data-id=\"8c9dce1\" data-element_type=\"widget\" data-widget_type=\"text-editor.default\">\n\t\t\t\t<div class=\"elementor-widget-container\">\n\t\t\t\t\t\t\t\t\t<p><span style=\"font-size: 12pt; color: #000000;\">Consistente en 4 noches y 5 d\u00edas en que los alumnos de las escuelas aprenden, practican y compiten en grupos entre s\u00ed, consta cada grupo de 6 a 7 j\u00f3venes Varones y\/o Damas dirigidos por un Instructor Experto y un Instructor Novato.\u00a0<\/span><\/p>\t\t\t\t\t\t\t\t<\/div>\n\t\t\t\t<\/div>\n\t\t\t\t<div class=\"elementor-element elementor-element-257c117 elementor-widget elementor-widget-button\" data-id=\"257c117\" data-element_type=\"widget\" data-widget_type=\"button.default\">\n\t\t\t\t<div class=\"elementor-widget-container\">\n\t\t\t\t\t\t\t\t\t<div class=\"elementor-button-wrapper\">\n\t\t\t\t\t<a class=\"elementor-button elementor-button-link elementor-size-sm\" href=\"https:\/\/api.whatsapp.com\/send?phone=524499191767\" target=\"_blank\">\n\t\t\t\t\t\t<span class=\"elementor-button-content-wrapper\">\n\t\t\t\t\t\t\t\t\t<span class=\"elementor-button-text\">Reservar<\/span>\n\t\t\t\t\t<\/span>\n\t\t\t\t\t<\/a>\n\t\t\t\t<\/div>\n\t\t\t\t\t\t\t\t<\/div>\n\t\t\t\t<\/div>\n\t\t\t\t<div class=\"elementor-element elementor-element-96ebbec elementor-widget elementor-widget-heading\" data-id=\"96ebbec\" data-element_type=\"widget\" data-widget_type=\"heading.default\">\n\t\t\t\t<div class=\"elementor-widget-container\">\n\t\t\t\t\t<h2 class=\"elementor-heading-title elementor-size-default\">Organizaci\u00f3n Escolar <\/h2>\t\t\t\t<\/div>\n\t\t\t\t<\/div>\n\t\t\t\t<div class=\"elementor-element elementor-element-173d7ff elementor-widget elementor-widget-text-editor\" data-id=\"173d7ff\" data-element_type=\"widget\" data-widget_type=\"text-editor.default\">\n\t\t\t\t<div class=\"elementor-widget-container\">\n\t\t\t\t\t\t\t\t\t<p><span style=\"color: #000000; font-size: 12pt;\">Consistente en la contrataci\u00f3n por parte de la Escuela u Organizaci\u00f3n solicitante con duraci\u00f3n seleccionada y en la que la misma escuela programa y desarrolla las actividades propias de su visita.<\/span><\/p>\t\t\t\t\t\t\t\t<\/div>\n\t\t\t\t<\/div>\n\t\t\t\t<div class=\"elementor-element elementor-element-d6d798a elementor-widget elementor-widget-button\" data-id=\"d6d798a\" data-element_type=\"widget\" data-widget_type=\"button.default\">\n\t\t\t\t<div class=\"elementor-widget-container\">\n\t\t\t\t\t\t\t\t\t<div class=\"elementor-button-wrapper\">\n\t\t\t\t\t<a class=\"elementor-button elementor-button-link elementor-size-sm\" href=\"mailto:lincee@rancholacienega.com\" target=\"_blank\">\n\t\t\t\t\t\t<span class=\"elementor-button-content-wrapper\">\n\t\t\t\t\t\t\t\t\t<span class=\"elementor-button-text\">Reservar<\/span>\n\t\t\t\t\t<\/span>\n\t\t\t\t\t<\/a>\n\t\t\t\t<\/div>\n\t\t\t\t\t\t\t\t<\/div>\n\t\t\t\t<\/div>\n\t\t\t\t\t<\/div>\n\t\t<\/div>\n\t\t\t\t<div class=\"has_eae_slider elementor-column elementor-col-50 elementor-inner-column elementor-element elementor-element-f677ed1\" data-eae-slider=\"97752\" data-id=\"f677ed1\" data-element_type=\"column\">\n\t\t\t<div class=\"elementor-widget-wrap elementor-element-populated\">\n\t\t\t\t\t\t<div class=\"elementor-element elementor-element-0d4c6d4 elementor-widget elementor-widget-image\" data-id=\"0d4c6d4\" data-element_type=\"widget\" data-widget_type=\"image.default\">\n\t\t\t\t<div class=\"elementor-widget-container\">\n\t\t\t\t\t\t\t\t\t\t\t\t\t\t\t<img fetchpriority=\"high\" decoding=\"async\" width=\"640\" height=\"480\" src=\"https:\/\/rancholacienega.com\/ecoturismo\/wp-content\/uploads\/2020\/11\/MVC-756S.jpg\" class=\"attachment-large size-large wp-image-4095\" alt=\"\" srcset=\"https:\/\/rancholacienega.com\/ecoturismo\/wp-content\/uploads\/2020\/11\/MVC-756S.jpg 640w, https:\/\/rancholacienega.com\/ecoturismo\/wp-content\/uploads\/2020\/11\/MVC-756S-300x225.jpg 300w\" sizes=\"(max-width: 640px) 100vw, 640px\" \/>\t\t\t\t\t\t\t\t\t\t\t\t\t\t\t<\/div>\n\t\t\t\t<\/div>\n\t\t\t\t\t<\/div>\n\t\t<\/div>\n\t\t\t\t\t<\/div>\n\t\t<\/section>\n\t\t\t\t<div class=\"elementor-element elementor-element-529f7a81 elementor-absolute elementor-widget elementor-widget-image\" data-id=\"529f7a81\" data-element_type=\"widget\" data-settings=\"{&quot;_position&quot;:&quot;absolute&quot;}\" data-widget_type=\"image.default\">\n\t\t\t\t<div class=\"elementor-widget-container\">\n\t\t\t\t\t\t\t\t\t\t\t\t\t\t\t<img decoding=\"async\" width=\"812\" height=\"812\" src=\"https:\/\/rancholacienega.com\/ecoturismo\/wp-content\/uploads\/2020\/09\/Logo_Ecoturismo_19_Jun_2020.png\" class=\"attachment-large size-large wp-image-2763\" alt=\"\" srcset=\"https:\/\/rancholacienega.com\/ecoturismo\/wp-content\/uploads\/2020\/09\/Logo_Ecoturismo_19_Jun_2020.png 851w, https:\/\/rancholacienega.com\/ecoturismo\/wp-content\/uploads\/2020\/09\/Logo_Ecoturismo_19_Jun_2020-300x300.png 300w, https:\/\/rancholacienega.com\/ecoturismo\/wp-content\/uploads\/2020\/09\/Logo_Ecoturismo_19_Jun_2020-150x150.png 150w, https:\/\/rancholacienega.com\/ecoturismo\/wp-content\/uploads\/2020\/09\/Logo_Ecoturismo_19_Jun_2020-768x768.png 768w, https:\/\/rancholacienega.com\/ecoturismo\/wp-content\/uploads\/2020\/09\/Logo_Ecoturismo_19_Jun_2020-75x75.png 75w\" sizes=\"(max-width: 812px) 100vw, 812px\" \/>\t\t\t\t\t\t\t\t\t\t\t\t\t\t\t<\/div>\n\t\t\t\t<\/div>\n\t\t\t\t\t<\/div>\n\t\t<\/div>\n\t\t\t\t\t<\/div>\n\t\t<\/section>\n\t\t\t\t<section class=\"has_eae_slider elementor-section elementor-top-section elementor-element elementor-element-f911260 elementor-section-boxed elementor-section-height-default elementor-section-height-default\" data-eae-slider=\"22912\" data-id=\"f911260\" data-element_type=\"section\">\n\t\t\t\t\t\t<div class=\"elementor-container elementor-column-gap-default\">\n\t\t\t\t\t<div class=\"has_eae_slider elementor-column elementor-col-33 elementor-top-column elementor-element elementor-element-a93ab4f\" data-eae-slider=\"39849\" data-id=\"a93ab4f\" data-element_type=\"column\">\n\t\t\t<div class=\"elementor-widget-wrap elementor-element-populated\">\n\t\t\t\t\t\t<div class=\"elementor-element elementor-element-be0c358 elementor-widget elementor-widget-image\" data-id=\"be0c358\" data-element_type=\"widget\" data-widget_type=\"image.default\">\n\t\t\t\t<div class=\"elementor-widget-container\">\n\t\t\t\t\t\t\t\t\t\t\t\t\t\t\t<img loading=\"lazy\" decoding=\"async\" width=\"812\" height=\"542\" src=\"https:\/\/rancholacienega.com\/ecoturismo\/wp-content\/uploads\/2021\/09\/IMG_6501-1024x683.jpg\" class=\"attachment-large size-large wp-image-5363\" alt=\"\" srcset=\"https:\/\/rancholacienega.com\/ecoturismo\/wp-content\/uploads\/2021\/09\/IMG_6501-1024x683.jpg 1024w, https:\/\/rancholacienega.com\/ecoturismo\/wp-content\/uploads\/2021\/09\/IMG_6501-300x200.jpg 300w, https:\/\/rancholacienega.com\/ecoturismo\/wp-content\/uploads\/2021\/09\/IMG_6501-768x512.jpg 768w, https:\/\/rancholacienega.com\/ecoturismo\/wp-content\/uploads\/2021\/09\/IMG_6501-1536x1024.jpg 1536w, https:\/\/rancholacienega.com\/ecoturismo\/wp-content\/uploads\/2021\/09\/IMG_6501-2048x1365.jpg 2048w\" sizes=\"(max-width: 812px) 100vw, 812px\" \/>\t\t\t\t\t\t\t\t\t\t\t\t\t\t\t<\/div>\n\t\t\t\t<\/div>\n\t\t\t\t\t<\/div>\n\t\t<\/div>\n\t\t\t\t<div class=\"has_eae_slider elementor-column elementor-col-33 elementor-top-column elementor-element elementor-element-b21af41\" data-eae-slider=\"57085\" data-id=\"b21af41\" data-element_type=\"column\">\n\t\t\t<div class=\"elementor-widget-wrap elementor-element-populated\">\n\t\t\t\t\t\t<div class=\"elementor-element elementor-element-6090426 elementor-widget elementor-widget-image\" data-id=\"6090426\" data-element_type=\"widget\" data-widget_type=\"image.default\">\n\t\t\t\t<div class=\"elementor-widget-container\">\n\t\t\t\t\t\t\t\t\t\t\t\t\t\t\t<img loading=\"lazy\" decoding=\"async\" width=\"600\" height=\"450\" src=\"https:\/\/rancholacienega.com\/ecoturismo\/wp-content\/uploads\/2021\/09\/LC12nov2.jpg\" class=\"attachment-large size-large wp-image-5225\" alt=\"\" srcset=\"https:\/\/rancholacienega.com\/ecoturismo\/wp-content\/uploads\/2021\/09\/LC12nov2.jpg 600w, https:\/\/rancholacienega.com\/ecoturismo\/wp-content\/uploads\/2021\/09\/LC12nov2-300x225.jpg 300w\" sizes=\"(max-width: 600px) 100vw, 600px\" \/>\t\t\t\t\t\t\t\t\t\t\t\t\t\t\t<\/div>\n\t\t\t\t<\/div>\n\t\t\t\t\t<\/div>\n\t\t<\/div>\n\t\t\t\t<div class=\"has_eae_slider elementor-column elementor-col-33 elementor-top-column elementor-element elementor-element-3f5f87e\" data-eae-slider=\"34925\" data-id=\"3f5f87e\" data-element_type=\"column\">\n\t\t\t<div class=\"elementor-widget-wrap elementor-element-populated\">\n\t\t\t\t\t\t<div class=\"elementor-element elementor-element-81b9acd elementor-widget elementor-widget-image\" data-id=\"81b9acd\" data-element_type=\"widget\" data-widget_type=\"image.default\">\n\t\t\t\t<div class=\"elementor-widget-container\">\n\t\t\t\t\t\t\t\t\t\t\t\t\t\t\t<img loading=\"lazy\" decoding=\"async\" width=\"812\" height=\"542\" src=\"https:\/\/rancholacienega.com\/ecoturismo\/wp-content\/uploads\/2021\/09\/IMG_9943-1024x683.jpg\" class=\"attachment-large size-large wp-image-5069\" alt=\"\" srcset=\"https:\/\/rancholacienega.com\/ecoturismo\/wp-content\/uploads\/2021\/09\/IMG_9943-1024x683.jpg 1024w, https:\/\/rancholacienega.com\/ecoturismo\/wp-content\/uploads\/2021\/09\/IMG_9943-300x200.jpg 300w, https:\/\/rancholacienega.com\/ecoturismo\/wp-content\/uploads\/2021\/09\/IMG_9943-768x512.jpg 768w, https:\/\/rancholacienega.com\/ecoturismo\/wp-content\/uploads\/2021\/09\/IMG_9943-1536x1024.jpg 1536w, https:\/\/rancholacienega.com\/ecoturismo\/wp-content\/uploads\/2021\/09\/IMG_9943-2048x1365.jpg 2048w\" sizes=\"(max-width: 812px) 100vw, 812px\" \/>\t\t\t\t\t\t\t\t\t\t\t\t\t\t\t<\/div>\n\t\t\t\t<\/div>\n\t\t\t\t\t<\/div>\n\t\t<\/div>\n\t\t\t\t\t<\/div>\n\t\t<\/section>\n\t\t\t\t<section class=\"has_eae_slider elementor-section elementor-top-section elementor-element elementor-element-d046de1 elementor-section-boxed elementor-section-height-default elementor-section-height-default\" data-eae-slider=\"86047\" data-id=\"d046de1\" data-element_type=\"section\">\n\t\t\t\t\t\t<div class=\"elementor-container elementor-column-gap-default\">\n\t\t\t\t\t<div class=\"has_eae_slider elementor-column elementor-col-33 elementor-top-column elementor-element elementor-element-bc131d9\" data-eae-slider=\"61851\" data-id=\"bc131d9\" data-element_type=\"column\">\n\t\t\t<div class=\"elementor-widget-wrap elementor-element-populated\">\n\t\t\t\t\t\t<div class=\"elementor-element elementor-element-2410ebd elementor-widget elementor-widget-image\" data-id=\"2410ebd\" data-element_type=\"widget\" data-widget_type=\"image.default\">\n\t\t\t\t<div class=\"elementor-widget-container\">\n\t\t\t\t\t\t\t\t\t\t\t\t\t\t\t<img loading=\"lazy\" decoding=\"async\" width=\"812\" height=\"542\" src=\"https:\/\/rancholacienega.com\/ecoturismo\/wp-content\/uploads\/2020\/10\/IMG_1922-1024x683.jpg\" class=\"attachment-large size-large wp-image-3654\" alt=\"\" srcset=\"https:\/\/rancholacienega.com\/ecoturismo\/wp-content\/uploads\/2020\/10\/IMG_1922-1024x683.jpg 1024w, https:\/\/rancholacienega.com\/ecoturismo\/wp-content\/uploads\/2020\/10\/IMG_1922-300x200.jpg 300w, https:\/\/rancholacienega.com\/ecoturismo\/wp-content\/uploads\/2020\/10\/IMG_1922-768x512.jpg 768w, https:\/\/rancholacienega.com\/ecoturismo\/wp-content\/uploads\/2020\/10\/IMG_1922-1536x1024.jpg 1536w, https:\/\/rancholacienega.com\/ecoturismo\/wp-content\/uploads\/2020\/10\/IMG_1922-2048x1365.jpg 2048w\" sizes=\"(max-width: 812px) 100vw, 812px\" \/>\t\t\t\t\t\t\t\t\t\t\t\t\t\t\t<\/div>\n\t\t\t\t<\/div>\n\t\t\t\t\t<\/div>\n\t\t<\/div>\n\t\t\t\t<div class=\"has_eae_slider elementor-column elementor-col-33 elementor-top-column elementor-element elementor-element-df918a6\" data-eae-slider=\"41973\" data-id=\"df918a6\" data-element_type=\"column\">\n\t\t\t<div class=\"elementor-widget-wrap elementor-element-populated\">\n\t\t\t\t\t\t<div class=\"elementor-element elementor-element-4089c45 elementor-widget elementor-widget-image\" data-id=\"4089c45\" data-element_type=\"widget\" data-widget_type=\"image.default\">\n\t\t\t\t<div class=\"elementor-widget-container\">\n\t\t\t\t\t\t\t\t\t\t\t\t\t\t\t<img loading=\"lazy\" decoding=\"async\" width=\"812\" height=\"542\" src=\"https:\/\/rancholacienega.com\/ecoturismo\/wp-content\/uploads\/2020\/10\/IMG_6589-1-1024x683.jpg\" class=\"attachment-large size-large wp-image-3726\" alt=\"\" srcset=\"https:\/\/rancholacienega.com\/ecoturismo\/wp-content\/uploads\/2020\/10\/IMG_6589-1-1024x683.jpg 1024w, https:\/\/rancholacienega.com\/ecoturismo\/wp-content\/uploads\/2020\/10\/IMG_6589-1-300x200.jpg 300w, https:\/\/rancholacienega.com\/ecoturismo\/wp-content\/uploads\/2020\/10\/IMG_6589-1-768x512.jpg 768w, https:\/\/rancholacienega.com\/ecoturismo\/wp-content\/uploads\/2020\/10\/IMG_6589-1-1536x1024.jpg 1536w, https:\/\/rancholacienega.com\/ecoturismo\/wp-content\/uploads\/2020\/10\/IMG_6589-1-2048x1365.jpg 2048w\" sizes=\"(max-width: 812px) 100vw, 812px\" \/>\t\t\t\t\t\t\t\t\t\t\t\t\t\t\t<\/div>\n\t\t\t\t<\/div>\n\t\t\t\t\t<\/div>\n\t\t<\/div>\n\t\t\t\t<div class=\"has_eae_slider elementor-column elementor-col-33 elementor-top-column elementor-element elementor-element-e369eeb\" data-eae-slider=\"42886\" data-id=\"e369eeb\" data-element_type=\"column\">\n\t\t\t<div class=\"elementor-widget-wrap elementor-element-populated\">\n\t\t\t\t\t\t<div class=\"elementor-element elementor-element-54b0f49 elementor-widget elementor-widget-image\" data-id=\"54b0f49\" data-element_type=\"widget\" data-widget_type=\"image.default\">\n\t\t\t\t<div class=\"elementor-widget-container\">\n\t\t\t\t\t\t\t\t\t\t\t\t\t\t\t<img loading=\"lazy\" decoding=\"async\" width=\"812\" height=\"542\" src=\"https:\/\/rancholacienega.com\/ecoturismo\/wp-content\/uploads\/2020\/10\/IMG_6401-1024x683.jpg\" class=\"attachment-large size-large wp-image-3725\" alt=\"\" srcset=\"https:\/\/rancholacienega.com\/ecoturismo\/wp-content\/uploads\/2020\/10\/IMG_6401-1024x683.jpg 1024w, https:\/\/rancholacienega.com\/ecoturismo\/wp-content\/uploads\/2020\/10\/IMG_6401-300x200.jpg 300w, https:\/\/rancholacienega.com\/ecoturismo\/wp-content\/uploads\/2020\/10\/IMG_6401-768x512.jpg 768w, https:\/\/rancholacienega.com\/ecoturismo\/wp-content\/uploads\/2020\/10\/IMG_6401-1536x1024.jpg 1536w, https:\/\/rancholacienega.com\/ecoturismo\/wp-content\/uploads\/2020\/10\/IMG_6401-2048x1365.jpg 2048w\" sizes=\"(max-width: 812px) 100vw, 812px\" \/>\t\t\t\t\t\t\t\t\t\t\t\t\t\t\t<\/div>\n\t\t\t\t<\/div>\n\t\t\t\t\t<\/div>\n\t\t<\/div>\n\t\t\t\t\t<\/div>\n\t\t<\/section>\n\t\t\t\t<\/div>\n\t\t","protected":false},"excerpt":{"rendered":"<p>PLANES Y PAQUETES Turismo Escolar Campamento de verano Consistente en 4 noches y 5 d\u00edas en que los alumnos de las escuelas aprenden, practican y compiten en grupos entre s\u00ed, consta cada grupo de 6 a 7 j\u00f3venes Varones y\/o Damas dirigidos por un Instructor Experto y un Instructor Novato.\u00a0 Reservar Organizaci\u00f3n Escolar Consistente en [&hellip;]<\/p>\n","protected":false},"author":1,"featured_media":0,"parent":3003,"menu_order":0,"comment_status":"closed","ping_status":"closed","template":"elementor_header_footer","meta":{"footnotes":""},"_links":{"self":[{"href":"https:\/\/rancholacienega.com\/ecoturismo\/wp-json\/wp\/v2\/pages\/3016"}],"collection":[{"href":"https:\/\/rancholacienega.com\/ecoturismo\/wp-json\/wp\/v2\/pages"}],"about":[{"href":"https:\/\/rancholacienega.com\/ecoturismo\/wp-json\/wp\/v2\/types\/page"}],"author":[{"embeddable":true,"href":"https:\/\/rancholacienega.com\/ecoturismo\/wp-json\/wp\/v2\/users\/1"}],"replies":[{"embeddable":true,"href":"https:\/\/rancholacienega.com\/ecoturismo\/wp-json\/wp\/v2\/comments?post=3016"}],"version-history":[{"count":30,"href":"https:\/\/rancholacienega.com\/ecoturismo\/wp-json\/wp\/v2\/pages\/3016\/revisions"}],"predecessor-version":[{"id":11423,"href":"https:\/\/rancholacienega.com\/ecoturismo\/wp-json\/wp\/v2\/pages\/3016\/revisions\/11423"}],"up":[{"embeddable":true,"href":"https:\/\/rancholacienega.com\/ecoturismo\/wp-json\/wp\/v2\/pages\/3003"}],"wp:attachment":[{"href":"https:\/\/rancholacienega.com\/ecoturismo\/wp-json\/wp\/v2\/media?parent=3016"}],"curies":[{"name":"wp","href":"https:\/\/api.w.org\/{rel}","templated":true}]}}