{"id":3003,"date":"2020-09-20T08:40:51","date_gmt":"2020-09-20T08:40:51","guid":{"rendered":"http:\/\/rancholacienega.com\/ecoturismo\/?page_id=3003"},"modified":"2022-09-06T22:13:02","modified_gmt":"2022-09-06T22:13:02","slug":"planes-y-paquetes","status":"publish","type":"page","link":"https:\/\/rancholacienega.com\/ecoturismo\/inicio\/planes-y-paquetes\/","title":{"rendered":"PLANES Y PAQUETES"},"content":{"rendered":"\t\t<div data-elementor-type=\"wp-page\" data-elementor-id=\"3003\" class=\"elementor elementor-3003\">\n\t\t\t\t\t\t<section class=\"has_eae_slider elementor-section elementor-top-section elementor-element elementor-element-4c21ce95 elementor-section-stretched elementor-section-boxed elementor-section-height-default elementor-section-height-default\" data-eae-slider=\"54137\" data-id=\"4c21ce95\" data-element_type=\"section\" data-settings=\"{&quot;stretch_section&quot;:&quot;section-stretched&quot;,&quot;background_background&quot;:&quot;classic&quot;}\">\n\t\t\t\t\t\t<div class=\"elementor-container elementor-column-gap-no\">\n\t\t\t\t\t<div class=\"has_eae_slider elementor-column elementor-col-100 elementor-top-column elementor-element elementor-element-42f3d18\" data-eae-slider=\"98093\" data-id=\"42f3d18\" data-element_type=\"column\">\n\t\t\t<div class=\"elementor-widget-wrap elementor-element-populated\">\n\t\t\t\t\t\t<div class=\"elementor-element elementor-element-39ddebaa elementor-widget elementor-widget-heading\" data-id=\"39ddebaa\" data-element_type=\"widget\" data-widget_type=\"heading.default\">\n\t\t\t\t<div class=\"elementor-widget-container\">\n\t\t\t\t\t<h1 class=\"elementor-heading-title elementor-size-default\">PLANES Y PAQUETES<\/h1>\t\t\t\t<\/div>\n\t\t\t\t<\/div>\n\t\t\t\t<div class=\"elementor-element elementor-element-54011ffc elementor-widget elementor-widget-image\" data-id=\"54011ffc\" data-element_type=\"widget\" data-widget_type=\"image.default\">\n\t\t\t\t<div class=\"elementor-widget-container\">\n\t\t\t\t\t\t\t\t\t\t\t\t\t\t\t<img decoding=\"async\" width=\"200\" height=\"8\" src=\"https:\/\/rancholacienega.com\/ecoturismo\/wp-content\/uploads\/2020\/09\/divider.png\" class=\"attachment-large size-large wp-image-2744\" alt=\"\" \/>\t\t\t\t\t\t\t\t\t\t\t\t\t\t\t<\/div>\n\t\t\t\t<\/div>\n\t\t\t\t<div class=\"elementor-element elementor-element-641b973e elementor-widget elementor-widget-heading\" data-id=\"641b973e\" data-element_type=\"widget\" data-widget_type=\"heading.default\">\n\t\t\t\t<div class=\"elementor-widget-container\">\n\t\t\t\t\t<h2 class=\"elementor-heading-title elementor-size-default\">Un concepto \u00fanico en Sierra Fr\u00eda<\/h2>\t\t\t\t<\/div>\n\t\t\t\t<\/div>\n\t\t\t\t<div class=\"elementor-element elementor-element-227e1b2f elementor-absolute elementor-widget elementor-widget-image\" data-id=\"227e1b2f\" data-element_type=\"widget\" data-settings=\"{&quot;_position&quot;:&quot;absolute&quot;}\" data-widget_type=\"image.default\">\n\t\t\t\t<div class=\"elementor-widget-container\">\n\t\t\t\t\t\t\t\t\t\t\t\t\t\t\t<img fetchpriority=\"high\" decoding=\"async\" width=\"812\" height=\"812\" src=\"https:\/\/rancholacienega.com\/ecoturismo\/wp-content\/uploads\/2020\/09\/Logo_Ecoturismo_19_Jun_2020.png\" class=\"attachment-large size-large wp-image-2763\" alt=\"\" srcset=\"https:\/\/rancholacienega.com\/ecoturismo\/wp-content\/uploads\/2020\/09\/Logo_Ecoturismo_19_Jun_2020.png 851w, https:\/\/rancholacienega.com\/ecoturismo\/wp-content\/uploads\/2020\/09\/Logo_Ecoturismo_19_Jun_2020-300x300.png 300w, https:\/\/rancholacienega.com\/ecoturismo\/wp-content\/uploads\/2020\/09\/Logo_Ecoturismo_19_Jun_2020-150x150.png 150w, https:\/\/rancholacienega.com\/ecoturismo\/wp-content\/uploads\/2020\/09\/Logo_Ecoturismo_19_Jun_2020-768x768.png 768w, https:\/\/rancholacienega.com\/ecoturismo\/wp-content\/uploads\/2020\/09\/Logo_Ecoturismo_19_Jun_2020-75x75.png 75w\" sizes=\"(max-width: 812px) 100vw, 812px\" \/>\t\t\t\t\t\t\t\t\t\t\t\t\t\t\t<\/div>\n\t\t\t\t<\/div>\n\t\t\t\t\t<\/div>\n\t\t<\/div>\n\t\t\t\t\t<\/div>\n\t\t<\/section>\n\t\t\t\t<section class=\"has_eae_slider elementor-section elementor-top-section elementor-element elementor-element-1de89c0 elementor-section-boxed elementor-section-height-default elementor-section-height-default\" data-eae-slider=\"18191\" data-id=\"1de89c0\" data-element_type=\"section\" data-settings=\"{&quot;background_background&quot;:&quot;classic&quot;}\">\n\t\t\t\t\t\t<div class=\"elementor-container elementor-column-gap-wide\">\n\t\t\t\t\t<div class=\"has_eae_slider make-column-clickable-elementor elementor-column elementor-col-25 elementor-top-column elementor-element elementor-element-e768520\" data-eae-slider=\"19238\" style=\"cursor: pointer;\" data-column-clickable=\"https:\/\/rancholacienega.com\/ecoturismo\/inicio\/planes-y-paquetes\/familiar\/\" data-column-clickable-blank=\"_self\" data-id=\"e768520\" data-element_type=\"column\" data-settings=\"{&quot;background_background&quot;:&quot;classic&quot;}\">\n\t\t\t<div class=\"elementor-widget-wrap elementor-element-populated\">\n\t\t\t\t\t\t<div class=\"elementor-element elementor-element-7767bb1 elementor-widget elementor-widget-image\" data-id=\"7767bb1\" data-element_type=\"widget\" data-widget_type=\"image.default\">\n\t\t\t\t<div class=\"elementor-widget-container\">\n\t\t\t\t\t\t\t\t\t\t\t\t\t\t\t<img decoding=\"async\" width=\"225\" height=\"275\" src=\"https:\/\/rancholacienega.com\/ecoturismo\/wp-content\/uploads\/2020\/09\/ECOTUR-paquetes01.jpg\" class=\"attachment-large size-large wp-image-2843\" alt=\"\" \/>\t\t\t\t\t\t\t\t\t\t\t\t\t\t\t<\/div>\n\t\t\t\t<\/div>\n\t\t\t\t<div class=\"elementor-element elementor-element-95bfee0 elementor-widget elementor-widget-heading\" data-id=\"95bfee0\" data-element_type=\"widget\" data-widget_type=\"heading.default\">\n\t\t\t\t<div class=\"elementor-widget-container\">\n\t\t\t\t\t<h2 class=\"elementor-heading-title elementor-size-medium\">Familiar<\/h2>\t\t\t\t<\/div>\n\t\t\t\t<\/div>\n\t\t\t\t<div class=\"elementor-element elementor-element-a108c88 elementor-widget elementor-widget-text-editor\" data-id=\"a108c88\" data-element_type=\"widget\" data-widget_type=\"text-editor.default\">\n\t\t\t\t<div class=\"elementor-widget-container\">\n\t\t\t\t\t\t\t\t\t<p style=\"text-align: center;\"><span style=\"font-size: 12pt;\">Fin de semana o semana completa tenemos todo para tus vacaciones.<\/span><\/p>\t\t\t\t\t\t\t\t<\/div>\n\t\t\t\t<\/div>\n\t\t\t\t\t<\/div>\n\t\t<\/div>\n\t\t\t\t<div class=\"has_eae_slider make-column-clickable-elementor elementor-column elementor-col-25 elementor-top-column elementor-element elementor-element-ca8379f\" data-eae-slider=\"72382\" style=\"cursor: pointer;\" data-column-clickable=\"https:\/\/rancholacienega.com\/ecoturismo\/inicio\/planes-y-paquetes\/escolar\/\" data-column-clickable-blank=\"_self\" data-id=\"ca8379f\" data-element_type=\"column\" data-settings=\"{&quot;background_background&quot;:&quot;classic&quot;}\">\n\t\t\t<div class=\"elementor-widget-wrap elementor-element-populated\">\n\t\t\t\t\t\t<div class=\"elementor-element elementor-element-c9e2214 elementor-widget elementor-widget-image\" data-id=\"c9e2214\" data-element_type=\"widget\" data-widget_type=\"image.default\">\n\t\t\t\t<div class=\"elementor-widget-container\">\n\t\t\t\t\t\t\t\t\t\t\t\t\t\t\t<img loading=\"lazy\" decoding=\"async\" width=\"225\" height=\"275\" src=\"https:\/\/rancholacienega.com\/ecoturismo\/wp-content\/uploads\/2020\/09\/ECOTUR-paquetes02.jpg\" class=\"attachment-large size-large wp-image-2844\" alt=\"\" \/>\t\t\t\t\t\t\t\t\t\t\t\t\t\t\t<\/div>\n\t\t\t\t<\/div>\n\t\t\t\t<div class=\"elementor-element elementor-element-a267b34 elementor-widget elementor-widget-heading\" data-id=\"a267b34\" data-element_type=\"widget\" data-widget_type=\"heading.default\">\n\t\t\t\t<div class=\"elementor-widget-container\">\n\t\t\t\t\t<h2 class=\"elementor-heading-title elementor-size-medium\">Turismo Escolar<\/h2>\t\t\t\t<\/div>\n\t\t\t\t<\/div>\n\t\t\t\t<div class=\"elementor-element elementor-element-e372e51 elementor-widget elementor-widget-text-editor\" data-id=\"e372e51\" data-element_type=\"widget\" data-widget_type=\"text-editor.default\">\n\t\t\t\t<div class=\"elementor-widget-container\">\n\t\t\t\t\t\t\t\t\t<p style=\"text-align: center;\"><span style=\"font-size: 16px;\">Acercamiento \u00fanico a la naturaleza\u00a0<\/span><span style=\"font-size: 16px; font-style: inherit; font-weight: inherit;\">para los mas j\u00f3venes del grupo.<\/span><\/p>\t\t\t\t\t\t\t\t<\/div>\n\t\t\t\t<\/div>\n\t\t\t\t\t<\/div>\n\t\t<\/div>\n\t\t\t\t<div class=\"has_eae_slider make-column-clickable-elementor elementor-column elementor-col-25 elementor-top-column elementor-element elementor-element-12d6faa\" data-eae-slider=\"89604\" style=\"cursor: pointer;\" data-column-clickable=\"https:\/\/rancholacienega.com\/ecoturismo\/inicio\/planes-y-paquetes\/empresarial\/\" data-column-clickable-blank=\"_self\" data-id=\"12d6faa\" data-element_type=\"column\" data-settings=\"{&quot;background_background&quot;:&quot;classic&quot;}\">\n\t\t\t<div class=\"elementor-widget-wrap elementor-element-populated\">\n\t\t\t\t\t\t<div class=\"elementor-element elementor-element-abe56eb elementor-widget elementor-widget-image\" data-id=\"abe56eb\" data-element_type=\"widget\" data-widget_type=\"image.default\">\n\t\t\t\t<div class=\"elementor-widget-container\">\n\t\t\t\t\t\t\t\t\t\t\t\t\t\t\t<img loading=\"lazy\" decoding=\"async\" width=\"225\" height=\"275\" src=\"https:\/\/rancholacienega.com\/ecoturismo\/wp-content\/uploads\/2020\/09\/ECOTUR-paquetes03.jpg\" class=\"attachment-large size-large wp-image-2845\" alt=\"\" \/>\t\t\t\t\t\t\t\t\t\t\t\t\t\t\t<\/div>\n\t\t\t\t<\/div>\n\t\t\t\t<div class=\"elementor-element elementor-element-c840c8e elementor-widget elementor-widget-heading\" data-id=\"c840c8e\" data-element_type=\"widget\" data-widget_type=\"heading.default\">\n\t\t\t\t<div class=\"elementor-widget-container\">\n\t\t\t\t\t<h2 class=\"elementor-heading-title elementor-size-medium\">Turismo empresarial<\/h2>\t\t\t\t<\/div>\n\t\t\t\t<\/div>\n\t\t\t\t<div class=\"elementor-element elementor-element-2a62aa9 elementor-widget elementor-widget-text-editor\" data-id=\"2a62aa9\" data-element_type=\"widget\" data-widget_type=\"text-editor.default\">\n\t\t\t\t<div class=\"elementor-widget-container\">\n\t\t\t\t\t\t\t\t\t<p style=\"text-align: center;\"><span style=\"font-size: 12pt;\">Organizamos eventos inolvidables.<\/span><\/p>\t\t\t\t\t\t\t\t<\/div>\n\t\t\t\t<\/div>\n\t\t\t\t\t<\/div>\n\t\t<\/div>\n\t\t\t\t<div class=\"has_eae_slider make-column-clickable-elementor elementor-column elementor-col-25 elementor-top-column elementor-element elementor-element-12ad21e\" data-eae-slider=\"89353\" style=\"cursor: pointer;\" data-column-clickable=\"https:\/\/rancholacienega.com\/ecoturismo\/inicio\/planes-y-paquetes\/astronomico\/\" data-column-clickable-blank=\"_self\" data-id=\"12ad21e\" data-element_type=\"column\" data-settings=\"{&quot;background_background&quot;:&quot;classic&quot;}\">\n\t\t\t<div class=\"elementor-widget-wrap elementor-element-populated\">\n\t\t\t\t\t\t<div class=\"elementor-element elementor-element-4756b8f elementor-widget elementor-widget-image\" data-id=\"4756b8f\" data-element_type=\"widget\" data-widget_type=\"image.default\">\n\t\t\t\t<div class=\"elementor-widget-container\">\n\t\t\t\t\t\t\t\t\t\t\t\t\t\t\t<img loading=\"lazy\" decoding=\"async\" width=\"225\" height=\"275\" src=\"https:\/\/rancholacienega.com\/ecoturismo\/wp-content\/uploads\/2020\/09\/ECOTUR-paquetes04.jpg\" class=\"attachment-large size-large wp-image-2832\" alt=\"\" \/>\t\t\t\t\t\t\t\t\t\t\t\t\t\t\t<\/div>\n\t\t\t\t<\/div>\n\t\t\t\t<div class=\"elementor-element elementor-element-d587c50 elementor-widget elementor-widget-heading\" data-id=\"d587c50\" data-element_type=\"widget\" data-widget_type=\"heading.default\">\n\t\t\t\t<div class=\"elementor-widget-container\">\n\t\t\t\t\t<h2 class=\"elementor-heading-title elementor-size-medium\">Turismo astron\u00f3mico<\/h2>\t\t\t\t<\/div>\n\t\t\t\t<\/div>\n\t\t\t\t<div class=\"elementor-element elementor-element-5be97d9 elementor-widget elementor-widget-text-editor\" data-id=\"5be97d9\" data-element_type=\"widget\" data-widget_type=\"text-editor.default\">\n\t\t\t\t<div class=\"elementor-widget-container\">\n\t\t\t\t\t\t\t\t\t<p style=\"text-align: center;\"><span style=\"font-size: 12pt;\">Descubre y el cielo nocturno como nunca lo has visto.<\/span><\/p>\t\t\t\t\t\t\t\t<\/div>\n\t\t\t\t<\/div>\n\t\t\t\t\t<\/div>\n\t\t<\/div>\n\t\t\t\t\t<\/div>\n\t\t<\/section>\n\t\t\t\t<\/div>\n\t\t","protected":false},"excerpt":{"rendered":"<p>PLANES Y PAQUETES Un concepto \u00fanico en Sierra Fr\u00eda Familiar Fin de semana o semana completa tenemos todo para tus vacaciones. Turismo Escolar Acercamiento \u00fanico a la naturaleza\u00a0para los mas j\u00f3venes del grupo. Turismo empresarial Organizamos eventos inolvidables. Turismo astron\u00f3mico Descubre y el cielo nocturno como nunca lo has visto.<\/p>\n","protected":false},"author":1,"featured_media":0,"parent":176,"menu_order":0,"comment_status":"closed","ping_status":"closed","template":"elementor_header_footer","meta":{"footnotes":""},"_links":{"self":[{"href":"https:\/\/rancholacienega.com\/ecoturismo\/wp-json\/wp\/v2\/pages\/3003"}],"collection":[{"href":"https:\/\/rancholacienega.com\/ecoturismo\/wp-json\/wp\/v2\/pages"}],"about":[{"href":"https:\/\/rancholacienega.com\/ecoturismo\/wp-json\/wp\/v2\/types\/page"}],"author":[{"embeddable":true,"href":"https:\/\/rancholacienega.com\/ecoturismo\/wp-json\/wp\/v2\/users\/1"}],"replies":[{"embeddable":true,"href":"https:\/\/rancholacienega.com\/ecoturismo\/wp-json\/wp\/v2\/comments?post=3003"}],"version-history":[{"count":26,"href":"https:\/\/rancholacienega.com\/ecoturismo\/wp-json\/wp\/v2\/pages\/3003\/revisions"}],"predecessor-version":[{"id":8361,"href":"https:\/\/rancholacienega.com\/ecoturismo\/wp-json\/wp\/v2\/pages\/3003\/revisions\/8361"}],"up":[{"embeddable":true,"href":"https:\/\/rancholacienega.com\/ecoturismo\/wp-json\/wp\/v2\/pages\/176"}],"wp:attachment":[{"href":"https:\/\/rancholacienega.com\/ecoturismo\/wp-json\/wp\/v2\/media?parent=3003"}],"curies":[{"name":"wp","href":"https:\/\/api.w.org\/{rel}","templated":true}]}}