{"id":189,"date":"2019-12-17T05:58:43","date_gmt":"2019-12-17T05:58:43","guid":{"rendered":"http:\/\/rancholacienega.com\/ecoturismo\/?page_id=189"},"modified":"2023-10-17T18:57:47","modified_gmt":"2023-10-17T18:57:47","slug":"testimonios","status":"publish","type":"page","link":"https:\/\/rancholacienega.com\/ecoturismo\/inicio\/testimonios\/","title":{"rendered":"Testimonios"},"content":{"rendered":"\t\t<div data-elementor-type=\"wp-post\" data-elementor-id=\"189\" class=\"elementor elementor-189\">\n\t\t\t\t\t\t<section class=\"has_eae_slider elementor-section elementor-top-section elementor-element elementor-element-20917735 elementor-section-stretched elementor-section-full_width elementor-section-height-default elementor-section-height-default\" data-eae-slider=\"3571\" data-id=\"20917735\" data-element_type=\"section\" data-settings=\"{&quot;stretch_section&quot;:&quot;section-stretched&quot;,&quot;background_background&quot;:&quot;classic&quot;}\">\n\t\t\t\t\t\t<div class=\"elementor-container elementor-column-gap-no\">\n\t\t\t\t\t<div class=\"has_eae_slider elementor-column elementor-col-100 elementor-top-column elementor-element elementor-element-37644dfe\" data-eae-slider=\"46951\" data-id=\"37644dfe\" data-element_type=\"column\">\n\t\t\t<div class=\"elementor-widget-wrap elementor-element-populated\">\n\t\t\t\t\t\t<div class=\"elementor-element elementor-element-6895f20f elementor-widget elementor-widget-heading\" data-id=\"6895f20f\" data-element_type=\"widget\" data-widget_type=\"heading.default\">\n\t\t\t\t<div class=\"elementor-widget-container\">\n\t\t\t\t\t<h1 class=\"elementor-heading-title elementor-size-default\">TESTIMONIOS<\/h1>\t\t\t\t<\/div>\n\t\t\t\t<\/div>\n\t\t\t\t<div class=\"elementor-element elementor-element-30b4564b elementor-widget elementor-widget-image\" data-id=\"30b4564b\" data-element_type=\"widget\" data-widget_type=\"image.default\">\n\t\t\t\t<div class=\"elementor-widget-container\">\n\t\t\t\t\t\t\t\t\t\t\t\t\t\t\t<img decoding=\"async\" width=\"200\" height=\"8\" src=\"https:\/\/rancholacienega.com\/ecoturismo\/wp-content\/uploads\/2020\/09\/divider.png\" class=\"attachment-large size-large wp-image-2744\" alt=\"\" \/>\t\t\t\t\t\t\t\t\t\t\t\t\t\t\t<\/div>\n\t\t\t\t<\/div>\n\t\t\t\t<div class=\"elementor-element elementor-element-432003a4 elementor-widget elementor-widget-heading\" data-id=\"432003a4\" data-element_type=\"widget\" data-widget_type=\"heading.default\">\n\t\t\t\t<div class=\"elementor-widget-container\">\n\t\t\t\t\t<h2 class=\"elementor-heading-title elementor-size-default\">Nuestros huespedes son la mejor carta de recomendaci\u00f3n<\/h2>\t\t\t\t<\/div>\n\t\t\t\t<\/div>\n\t\t\t\t<section class=\"has_eae_slider elementor-section elementor-inner-section elementor-element elementor-element-25f85e9 elementor-section-boxed elementor-section-height-default elementor-section-height-default\" data-eae-slider=\"96034\" data-id=\"25f85e9\" data-element_type=\"section\" data-settings=\"{&quot;background_background&quot;:&quot;classic&quot;}\">\n\t\t\t\t\t\t<div class=\"elementor-container elementor-column-gap-default\">\n\t\t\t\t\t<div class=\"has_eae_slider elementor-column elementor-col-100 elementor-inner-column elementor-element elementor-element-10daedf\" data-eae-slider=\"69503\" data-id=\"10daedf\" data-element_type=\"column\">\n\t\t\t<div class=\"elementor-widget-wrap elementor-element-populated\">\n\t\t\t\t\t\t<div class=\"elementor-element elementor-element-f1c2bba elementor-widget elementor-widget-text-editor\" data-id=\"f1c2bba\" data-element_type=\"widget\" data-widget_type=\"text-editor.default\">\n\t\t\t\t<div class=\"elementor-widget-container\">\n\t\t\t\t\t\t\t\t\t<p><div class=\"strong-view strong-view-id-1 unstyled wpmtst-unstyled slider-container carousel slider-mode-horizontal slider-adaptive controls-type-sides-outside controls-style-buttons\" data-count=2 data-slider-var=strong_slider_id_1 data-state=idle><div class=\"strong-content wpmslider-content\"><div class=\"wpmtst-testimonial testimonial t-slide post-3114\"><div class=\"wpmtst-testimonial-inner testimonial-inner\"><h3 class=\"wpmtst-testimonial-heading testimonial-heading\">Familia Gonz\u00e1lez Garza<\/h3><div data-infinite-loop=\"false\" class=\"wpmtst-testimonial-content testimonial-content\"><div class=\"wpmtst-testimonial-image testimonial-image\"><img fetchpriority=\"high\" decoding=\"async\" width=\"267\" height=\"300\" src=\"https:\/\/rancholacienega.com\/ecoturismo\/wp-content\/uploads\/2020\/09\/gonzalez_garza-267x300.jpeg\" class=\"attachment-medium size-medium wp-post-image\" alt=\"\" srcset=\"https:\/\/rancholacienega.com\/ecoturismo\/wp-content\/uploads\/2020\/09\/gonzalez_garza-267x300.jpeg 267w, https:\/\/rancholacienega.com\/ecoturismo\/wp-content\/uploads\/2020\/09\/gonzalez_garza-768x864.jpeg 768w, https:\/\/rancholacienega.com\/ecoturismo\/wp-content\/uploads\/2020\/09\/gonzalez_garza.jpeg 910w\" sizes=\"(max-width: 267px) 100vw, 267px\" \/><\/div><div class=\"maybe-clear\"><\/div><p style=\"text-align: center;\"><strong>En este lugar se logra una convivencia familiar \u00fanica, la recomendamos ampliamente.<\/strong><\/p><p style=\"text-align: center;\">1 al 3 de Noviembre de 2019<\/p><\/div><div class=\"clear\"><\/div><\/div><\/div><div class=\"wpmtst-testimonial testimonial t-slide post-3117\"><div class=\"wpmtst-testimonial-inner testimonial-inner\"><h3 class=\"wpmtst-testimonial-heading testimonial-heading\">Grupo LF Velasco<\/h3><div data-infinite-loop=\"false\" class=\"wpmtst-testimonial-content testimonial-content\"><div class=\"wpmtst-testimonial-image testimonial-image\"><img decoding=\"async\" width=\"300\" height=\"225\" src=\"https:\/\/rancholacienega.com\/ecoturismo\/wp-content\/uploads\/2020\/09\/LF-velasco-300x225.jpeg\" class=\"attachment-medium size-medium wp-post-image\" alt=\"\" srcset=\"https:\/\/rancholacienega.com\/ecoturismo\/wp-content\/uploads\/2020\/09\/LF-velasco-300x225.jpeg 300w, https:\/\/rancholacienega.com\/ecoturismo\/wp-content\/uploads\/2020\/09\/LF-velasco-1024x768.jpeg 1024w, https:\/\/rancholacienega.com\/ecoturismo\/wp-content\/uploads\/2020\/09\/LF-velasco-768x576.jpeg 768w, https:\/\/rancholacienega.com\/ecoturismo\/wp-content\/uploads\/2020\/09\/LF-velasco.jpeg 1280w\" sizes=\"(max-width: 300px) 100vw, 300px\" \/><\/div><div class=\"maybe-clear\"><\/div><p style=\"text-align: center;\"><strong>Sencillamente maravilloso el lugar y fueron 4 d\u00edas inolvidables.<\/strong><\/p><p style=\"text-align: center;\">15 al 18 de Noviembre de 2019<\/p><\/div><div class=\"clear\"><\/div><\/div><\/div><\/div><\/div><\/p>\t\t\t\t\t\t\t\t<\/div>\n\t\t\t\t<\/div>\n\t\t\t\t\t<\/div>\n\t\t<\/div>\n\t\t\t\t\t<\/div>\n\t\t<\/section>\n\t\t\t\t\t<\/div>\n\t\t<\/div>\n\t\t\t\t\t<\/div>\n\t\t<\/section>\n\t\t\t\t<section class=\"has_eae_slider elementor-section elementor-top-section elementor-element elementor-element-c4550b6 elementor-section-stretched elementor-section-full_width elementor-section-height-default elementor-section-height-default\" data-eae-slider=\"26985\" data-id=\"c4550b6\" data-element_type=\"section\" data-settings=\"{&quot;stretch_section&quot;:&quot;section-stretched&quot;,&quot;background_background&quot;:&quot;classic&quot;}\">\n\t\t\t\t\t\t<div class=\"elementor-container elementor-column-gap-default\">\n\t\t\t\t\t<div class=\"has_eae_slider elementor-column elementor-col-25 elementor-top-column elementor-element elementor-element-7936109\" data-eae-slider=\"69110\" data-id=\"7936109\" data-element_type=\"column\">\n\t\t\t<div class=\"elementor-widget-wrap\">\n\t\t\t\t\t\t\t<\/div>\n\t\t<\/div>\n\t\t\t\t<div class=\"has_eae_slider elementor-column elementor-col-50 elementor-top-column elementor-element elementor-element-568f15a\" data-eae-slider=\"18057\" data-id=\"568f15a\" data-element_type=\"column\" data-settings=\"{&quot;background_background&quot;:&quot;classic&quot;}\">\n\t\t\t<div class=\"elementor-widget-wrap elementor-element-populated\">\n\t\t\t\t\t\t<div class=\"elementor-element elementor-element-abf56ed elementor-widget elementor-widget-text-editor\" data-id=\"abf56ed\" data-element_type=\"widget\" data-widget_type=\"text-editor.default\">\n\t\t\t\t<div class=\"elementor-widget-container\">\n\t\t\t\t\t\t\t\t\t<h2 class=\"elementor-heading-title elementor-size-medium elementor-inline-editing pen\" contenteditable=\"true\" data-elementor-setting-key=\"title\" data-pen-placeholder=\"Type Here...\"><span style=\"color: #800000;\"><strong>INVITAMOS a enviarnos tus Fotos y Comentarios\u200b<\/strong><\/span><\/h2><p><span style=\"font-size: 12pt; color: #000000;\">tu opini\u00f3n es muy importante para nosotros y estar\u00edmos orgullosos de porder compartirla con nuestros posibles vacacionistas y con Ustedes mismos, pues tus recuerdos estar\u00e1n disponibles para t\u00ed para todo el Mundo.<\/span><\/p>\t\t\t\t\t\t\t\t<\/div>\n\t\t\t\t<\/div>\n\t\t\t\t<div class=\"elementor-element elementor-element-120a049 elementor-align-center elementor-widget elementor-widget-button\" data-id=\"120a049\" data-element_type=\"widget\" data-widget_type=\"button.default\">\n\t\t\t\t<div class=\"elementor-widget-container\">\n\t\t\t\t\t\t\t\t\t<div class=\"elementor-button-wrapper\">\n\t\t\t\t\t<a class=\"elementor-button elementor-button-link elementor-size-md\" href=\"mailto:lincee@rancholacienega.com\">\n\t\t\t\t\t\t<span class=\"elementor-button-content-wrapper\">\n\t\t\t\t\t\t\t\t\t<span class=\"elementor-button-text\">Dejanos tu testimonio<\/span>\n\t\t\t\t\t<\/span>\n\t\t\t\t\t<\/a>\n\t\t\t\t<\/div>\n\t\t\t\t\t\t\t\t<\/div>\n\t\t\t\t<\/div>\n\t\t\t\t\t<\/div>\n\t\t<\/div>\n\t\t\t\t<div class=\"has_eae_slider elementor-column elementor-col-25 elementor-top-column elementor-element elementor-element-2551e41\" data-eae-slider=\"37524\" data-id=\"2551e41\" data-element_type=\"column\">\n\t\t\t<div class=\"elementor-widget-wrap\">\n\t\t\t\t\t\t\t<\/div>\n\t\t<\/div>\n\t\t\t\t\t<\/div>\n\t\t<\/section>\n\t\t\t\t<section class=\"has_eae_slider elementor-section elementor-top-section elementor-element elementor-element-b9adcab elementor-section-boxed elementor-section-height-default elementor-section-height-default\" data-eae-slider=\"72209\" data-id=\"b9adcab\" data-element_type=\"section\">\n\t\t\t\t\t\t<div class=\"elementor-container elementor-column-gap-default\">\n\t\t\t\t\t<div class=\"has_eae_slider elementor-column elementor-col-100 elementor-top-column elementor-element elementor-element-4e48ce3\" data-eae-slider=\"34486\" data-id=\"4e48ce3\" data-element_type=\"column\">\n\t\t\t<div class=\"elementor-widget-wrap elementor-element-populated\">\n\t\t\t\t\t\t<div class=\"elementor-element elementor-element-91bcfe0 elementor-widget elementor-widget-heading\" data-id=\"91bcfe0\" data-element_type=\"widget\" data-widget_type=\"heading.default\">\n\t\t\t\t<div class=\"elementor-widget-container\">\n\t\t\t\t\t<h3 class=\"elementor-heading-title elementor-size-default\">Los 3,580 visitantes de 2019 al 2023 nos avalan.<\/h3>\t\t\t\t<\/div>\n\t\t\t\t<\/div>\n\t\t\t\t\t<\/div>\n\t\t<\/div>\n\t\t\t\t\t<\/div>\n\t\t<\/section>\n\t\t\t\t<section class=\"has_eae_slider elementor-section elementor-top-section elementor-element elementor-element-ca441a3 elementor-section-boxed elementor-section-height-default elementor-section-height-default\" data-eae-slider=\"28608\" data-id=\"ca441a3\" data-element_type=\"section\">\n\t\t\t\t\t\t<div class=\"elementor-container elementor-column-gap-default\">\n\t\t\t\t\t<div class=\"has_eae_slider elementor-column elementor-col-33 elementor-top-column elementor-element elementor-element-d47cd3d\" data-eae-slider=\"26009\" data-id=\"d47cd3d\" data-element_type=\"column\">\n\t\t\t<div class=\"elementor-widget-wrap elementor-element-populated\">\n\t\t\t\t\t\t<div class=\"elementor-element elementor-element-6460b1c elementor-widget elementor-widget-image\" data-id=\"6460b1c\" data-element_type=\"widget\" data-widget_type=\"image.default\">\n\t\t\t\t<div class=\"elementor-widget-container\">\n\t\t\t\t\t\t\t\t\t\t\t\t\t\t\t<img loading=\"lazy\" decoding=\"async\" width=\"812\" height=\"542\" src=\"https:\/\/rancholacienega.com\/ecoturismo\/wp-content\/uploads\/2020\/10\/IMG_0604-1-1024x683.jpg\" class=\"attachment-large size-large wp-image-3730\" alt=\"\" srcset=\"https:\/\/rancholacienega.com\/ecoturismo\/wp-content\/uploads\/2020\/10\/IMG_0604-1-1024x683.jpg 1024w, https:\/\/rancholacienega.com\/ecoturismo\/wp-content\/uploads\/2020\/10\/IMG_0604-1-300x200.jpg 300w, https:\/\/rancholacienega.com\/ecoturismo\/wp-content\/uploads\/2020\/10\/IMG_0604-1-768x512.jpg 768w, https:\/\/rancholacienega.com\/ecoturismo\/wp-content\/uploads\/2020\/10\/IMG_0604-1-1536x1024.jpg 1536w, https:\/\/rancholacienega.com\/ecoturismo\/wp-content\/uploads\/2020\/10\/IMG_0604-1-2048x1365.jpg 2048w\" sizes=\"(max-width: 812px) 100vw, 812px\" \/>\t\t\t\t\t\t\t\t\t\t\t\t\t\t\t<\/div>\n\t\t\t\t<\/div>\n\t\t\t\t\t<\/div>\n\t\t<\/div>\n\t\t\t\t<div class=\"has_eae_slider elementor-column elementor-col-33 elementor-top-column elementor-element elementor-element-384b8ca\" data-eae-slider=\"9206\" data-id=\"384b8ca\" data-element_type=\"column\">\n\t\t\t<div class=\"elementor-widget-wrap elementor-element-populated\">\n\t\t\t\t\t\t<div class=\"elementor-element elementor-element-b0d3f91 elementor-widget elementor-widget-image\" data-id=\"b0d3f91\" data-element_type=\"widget\" data-widget_type=\"image.default\">\n\t\t\t\t<div class=\"elementor-widget-container\">\n\t\t\t\t\t\t\t\t\t\t\t\t\t\t\t<img loading=\"lazy\" decoding=\"async\" width=\"812\" height=\"542\" src=\"https:\/\/rancholacienega.com\/ecoturismo\/wp-content\/uploads\/2020\/10\/IMG_3342_A-1024x683.jpg\" class=\"attachment-large size-large wp-image-3466\" alt=\"\" srcset=\"https:\/\/rancholacienega.com\/ecoturismo\/wp-content\/uploads\/2020\/10\/IMG_3342_A-1024x683.jpg 1024w, https:\/\/rancholacienega.com\/ecoturismo\/wp-content\/uploads\/2020\/10\/IMG_3342_A-300x200.jpg 300w, https:\/\/rancholacienega.com\/ecoturismo\/wp-content\/uploads\/2020\/10\/IMG_3342_A-768x512.jpg 768w, https:\/\/rancholacienega.com\/ecoturismo\/wp-content\/uploads\/2020\/10\/IMG_3342_A-1536x1024.jpg 1536w, https:\/\/rancholacienega.com\/ecoturismo\/wp-content\/uploads\/2020\/10\/IMG_3342_A.jpg 1728w\" sizes=\"(max-width: 812px) 100vw, 812px\" \/>\t\t\t\t\t\t\t\t\t\t\t\t\t\t\t<\/div>\n\t\t\t\t<\/div>\n\t\t\t\t\t<\/div>\n\t\t<\/div>\n\t\t\t\t<div class=\"has_eae_slider elementor-column elementor-col-33 elementor-top-column elementor-element elementor-element-f9abba9\" data-eae-slider=\"29602\" data-id=\"f9abba9\" data-element_type=\"column\">\n\t\t\t<div class=\"elementor-widget-wrap elementor-element-populated\">\n\t\t\t\t\t\t<div class=\"elementor-element elementor-element-4ff4dd1 elementor-widget elementor-widget-image\" data-id=\"4ff4dd1\" data-element_type=\"widget\" data-widget_type=\"image.default\">\n\t\t\t\t<div class=\"elementor-widget-container\">\n\t\t\t\t\t\t\t\t\t\t\t\t\t\t\t<img loading=\"lazy\" decoding=\"async\" width=\"812\" height=\"542\" src=\"https:\/\/rancholacienega.com\/ecoturismo\/wp-content\/uploads\/2020\/10\/IMG_0035-1024x683.jpg\" class=\"attachment-large size-large wp-image-3476\" alt=\"\" srcset=\"https:\/\/rancholacienega.com\/ecoturismo\/wp-content\/uploads\/2020\/10\/IMG_0035-1024x683.jpg 1024w, https:\/\/rancholacienega.com\/ecoturismo\/wp-content\/uploads\/2020\/10\/IMG_0035-300x200.jpg 300w, https:\/\/rancholacienega.com\/ecoturismo\/wp-content\/uploads\/2020\/10\/IMG_0035-768x512.jpg 768w, https:\/\/rancholacienega.com\/ecoturismo\/wp-content\/uploads\/2020\/10\/IMG_0035-1536x1024.jpg 1536w, https:\/\/rancholacienega.com\/ecoturismo\/wp-content\/uploads\/2020\/10\/IMG_0035-2048x1365.jpg 2048w\" sizes=\"(max-width: 812px) 100vw, 812px\" \/>\t\t\t\t\t\t\t\t\t\t\t\t\t\t\t<\/div>\n\t\t\t\t<\/div>\n\t\t\t\t\t<\/div>\n\t\t<\/div>\n\t\t\t\t\t<\/div>\n\t\t<\/section>\n\t\t\t\t<section class=\"has_eae_slider elementor-section elementor-top-section elementor-element elementor-element-85fd34b elementor-section-boxed elementor-section-height-default elementor-section-height-default\" data-eae-slider=\"23053\" data-id=\"85fd34b\" data-element_type=\"section\">\n\t\t\t\t\t\t<div class=\"elementor-container elementor-column-gap-default\">\n\t\t\t\t\t<div class=\"has_eae_slider elementor-column elementor-col-33 elementor-top-column elementor-element elementor-element-d74b70d\" data-eae-slider=\"4022\" data-id=\"d74b70d\" data-element_type=\"column\">\n\t\t\t<div class=\"elementor-widget-wrap elementor-element-populated\">\n\t\t\t\t\t\t<div class=\"elementor-element elementor-element-81e84cc elementor-widget elementor-widget-image\" data-id=\"81e84cc\" data-element_type=\"widget\" data-widget_type=\"image.default\">\n\t\t\t\t<div class=\"elementor-widget-container\">\n\t\t\t\t\t\t\t\t\t\t\t\t\t\t\t<img loading=\"lazy\" decoding=\"async\" width=\"812\" height=\"542\" src=\"https:\/\/rancholacienega.com\/ecoturismo\/wp-content\/uploads\/2020\/10\/IMG_0142-1024x683.jpg\" class=\"attachment-large size-large wp-image-3479\" alt=\"\" srcset=\"https:\/\/rancholacienega.com\/ecoturismo\/wp-content\/uploads\/2020\/10\/IMG_0142-1024x683.jpg 1024w, https:\/\/rancholacienega.com\/ecoturismo\/wp-content\/uploads\/2020\/10\/IMG_0142-300x200.jpg 300w, https:\/\/rancholacienega.com\/ecoturismo\/wp-content\/uploads\/2020\/10\/IMG_0142-768x512.jpg 768w, https:\/\/rancholacienega.com\/ecoturismo\/wp-content\/uploads\/2020\/10\/IMG_0142-1536x1024.jpg 1536w, https:\/\/rancholacienega.com\/ecoturismo\/wp-content\/uploads\/2020\/10\/IMG_0142-2048x1365.jpg 2048w\" sizes=\"(max-width: 812px) 100vw, 812px\" \/>\t\t\t\t\t\t\t\t\t\t\t\t\t\t\t<\/div>\n\t\t\t\t<\/div>\n\t\t\t\t\t<\/div>\n\t\t<\/div>\n\t\t\t\t<div class=\"has_eae_slider elementor-column elementor-col-33 elementor-top-column elementor-element elementor-element-be12bde\" data-eae-slider=\"19157\" data-id=\"be12bde\" data-element_type=\"column\">\n\t\t\t<div class=\"elementor-widget-wrap elementor-element-populated\">\n\t\t\t\t\t\t<div class=\"elementor-element elementor-element-74489ed elementor-widget elementor-widget-image\" data-id=\"74489ed\" data-element_type=\"widget\" data-widget_type=\"image.default\">\n\t\t\t\t<div class=\"elementor-widget-container\">\n\t\t\t\t\t\t\t\t\t\t\t\t\t\t\t<img loading=\"lazy\" decoding=\"async\" width=\"812\" height=\"542\" src=\"https:\/\/rancholacienega.com\/ecoturismo\/wp-content\/uploads\/2020\/10\/IMG_0704-1024x683.jpg\" class=\"attachment-large size-large wp-image-3469\" alt=\"\" srcset=\"https:\/\/rancholacienega.com\/ecoturismo\/wp-content\/uploads\/2020\/10\/IMG_0704-1024x683.jpg 1024w, https:\/\/rancholacienega.com\/ecoturismo\/wp-content\/uploads\/2020\/10\/IMG_0704-300x200.jpg 300w, https:\/\/rancholacienega.com\/ecoturismo\/wp-content\/uploads\/2020\/10\/IMG_0704-768x512.jpg 768w, https:\/\/rancholacienega.com\/ecoturismo\/wp-content\/uploads\/2020\/10\/IMG_0704-1536x1024.jpg 1536w, https:\/\/rancholacienega.com\/ecoturismo\/wp-content\/uploads\/2020\/10\/IMG_0704-2048x1365.jpg 2048w\" sizes=\"(max-width: 812px) 100vw, 812px\" \/>\t\t\t\t\t\t\t\t\t\t\t\t\t\t\t<\/div>\n\t\t\t\t<\/div>\n\t\t\t\t\t<\/div>\n\t\t<\/div>\n\t\t\t\t<div class=\"has_eae_slider elementor-column elementor-col-33 elementor-top-column elementor-element elementor-element-cad2eb8\" data-eae-slider=\"17971\" data-id=\"cad2eb8\" data-element_type=\"column\">\n\t\t\t<div class=\"elementor-widget-wrap elementor-element-populated\">\n\t\t\t\t\t\t<div class=\"elementor-element elementor-element-7183fb8 elementor-widget elementor-widget-image\" data-id=\"7183fb8\" data-element_type=\"widget\" data-widget_type=\"image.default\">\n\t\t\t\t<div class=\"elementor-widget-container\">\n\t\t\t\t\t\t\t\t\t\t\t\t\t\t\t<img loading=\"lazy\" decoding=\"async\" width=\"768\" height=\"576\" src=\"https:\/\/rancholacienega.com\/ecoturismo\/wp-content\/uploads\/2021\/09\/LF-Cena-768x576.jpg\" class=\"attachment-medium_large size-medium_large wp-image-5056\" alt=\"\" srcset=\"https:\/\/rancholacienega.com\/ecoturismo\/wp-content\/uploads\/2021\/09\/LF-Cena-768x576.jpg 768w, https:\/\/rancholacienega.com\/ecoturismo\/wp-content\/uploads\/2021\/09\/LF-Cena-300x225.jpg 300w, https:\/\/rancholacienega.com\/ecoturismo\/wp-content\/uploads\/2021\/09\/LF-Cena-1024x768.jpg 1024w, https:\/\/rancholacienega.com\/ecoturismo\/wp-content\/uploads\/2021\/09\/LF-Cena.jpg 1280w\" sizes=\"(max-width: 768px) 100vw, 768px\" \/>\t\t\t\t\t\t\t\t\t\t\t\t\t\t\t<\/div>\n\t\t\t\t<\/div>\n\t\t\t\t\t<\/div>\n\t\t<\/div>\n\t\t\t\t\t<\/div>\n\t\t<\/section>\n\t\t\t\t<\/div>\n\t\t","protected":false},"excerpt":{"rendered":"<p>TESTIMONIOS Nuestros huespedes son la mejor carta de recomendaci\u00f3n INVITAMOS a enviarnos tus Fotos y Comentarios\u200b tu opini\u00f3n es muy importante para nosotros y estar\u00edmos orgullosos de porder compartirla con nuestros posibles vacacionistas y con Ustedes mismos, pues tus recuerdos estar\u00e1n disponibles para t\u00ed para todo el Mundo. Dejanos tu testimonio Los 3,580 visitantes de [&hellip;]<\/p>\n","protected":false},"author":1,"featured_media":0,"parent":176,"menu_order":0,"comment_status":"closed","ping_status":"closed","template":"elementor_header_footer","meta":{"footnotes":""},"_links":{"self":[{"href":"https:\/\/rancholacienega.com\/ecoturismo\/wp-json\/wp\/v2\/pages\/189"}],"collection":[{"href":"https:\/\/rancholacienega.com\/ecoturismo\/wp-json\/wp\/v2\/pages"}],"about":[{"href":"https:\/\/rancholacienega.com\/ecoturismo\/wp-json\/wp\/v2\/types\/page"}],"author":[{"embeddable":true,"href":"https:\/\/rancholacienega.com\/ecoturismo\/wp-json\/wp\/v2\/users\/1"}],"replies":[{"embeddable":true,"href":"https:\/\/rancholacienega.com\/ecoturismo\/wp-json\/wp\/v2\/comments?post=189"}],"version-history":[{"count":47,"href":"https:\/\/rancholacienega.com\/ecoturismo\/wp-json\/wp\/v2\/pages\/189\/revisions"}],"predecessor-version":[{"id":9650,"href":"https:\/\/rancholacienega.com\/ecoturismo\/wp-json\/wp\/v2\/pages\/189\/revisions\/9650"}],"up":[{"embeddable":true,"href":"https:\/\/rancholacienega.com\/ecoturismo\/wp-json\/wp\/v2\/pages\/176"}],"wp:attachment":[{"href":"https:\/\/rancholacienega.com\/ecoturismo\/wp-json\/wp\/v2\/media?parent=189"}],"curies":[{"name":"wp","href":"https:\/\/api.w.org\/{rel}","templated":true}]}}